{"id":110,"date":"2025-10-05T10:57:34","date_gmt":"2025-10-05T10:57:34","guid":{"rendered":"https:\/\/jmdstracksarl.com\/?page_id=110"},"modified":"2025-11-18T15:26:25","modified_gmt":"2025-11-18T15:26:25","slug":"video-surveillance","status":"publish","type":"page","link":"https:\/\/jmdstracksarl.com\/index.php\/video-surveillance\/","title":{"rendered":"Vid\u00e9o Surveillance"},"content":{"rendered":"\n<main class=\"wp-block-cover is-light has-custom-content-position is-position-top-center banner-with-header\" style=\"margin-top:0;margin-bottom:0;padding-top:0;padding-right:0;padding-bottom:var(--wp--preset--spacing--50);padding-left:0;min-height:700px;aspect-ratio:unset;\"><img fetchpriority=\"high\" decoding=\"async\" width=\"826\" height=\"773\" class=\"wp-block-cover__image-background wp-image-272 size-full\" alt=\"\" src=\"https:\/\/jmdstracksarl.com\/wp-content\/uploads\/2025\/11\/video.png\" data-object-fit=\"cover\" srcset=\"https:\/\/jmdstracksarl.com\/wp-content\/uploads\/2025\/11\/video.png 826w, https:\/\/jmdstracksarl.com\/wp-content\/uploads\/2025\/11\/video-300x281.png 300w, https:\/\/jmdstracksarl.com\/wp-content\/uploads\/2025\/11\/video-768x719.png 768w\" sizes=\"(max-width: 826px) 100vw, 826px\" \/><span aria-hidden=\"true\" class=\"wp-block-cover__background has-background-dim-0 has-background-dim has-background-gradient\" style=\"background:linear-gradient(135deg,rgb(44,43,43) 0%,rgb(15,15,5) 100%)\"><\/span><div class=\"wp-block-cover__inner-container is-layout-flow wp-block-cover-is-layout-flow\">\n<p class=\"has-text-align-center has-large-font-size\"><\/p>\n<\/div><\/main>\n\n\n\n<div class=\"wp-block-group wow animate__animated animate__fadeInUp has-base-background-color has-background is-layout-flow wp-block-group-is-layout-flow\" style=\"margin-top:0;margin-bottom:0;padding-top:var(--wp--preset--spacing--50);padding-bottom:var(--wp--preset--spacing--50)\">\n<div class=\"wp-block-group has-global-padding is-layout-constrained wp-block-group-is-layout-constrained\" style=\"margin-top:0;margin-bottom:0;padding-top:0;padding-bottom:0\">\n<p><\/p>\n\n\n\n<h2 class=\"wp-block-heading has-text-align-center has-contrast-3-color has-text-color has-link-color wp-elements-dd3c1778d0663357c5b43f7945be8d6e\" style=\"margin-top:0;font-size:clamp(18.434px, 1.152rem + ((1vw - 3.2px) * 1.289), 29px);font-style:normal;font-weight:500;line-height:1.4\">Les\u00a0cam\u00e9ras de surveillance\u00a0font aujourd\u2019hui partie int\u00e9grante de notre quotidien, elles permettent de garder toujours un \u0153il sur l\u2019activit\u00e9. La\u00a0surveillance vid\u00e9o est un dispositif indispensable\u00a0pour renforcer au quotidien la protection de vos employ\u00e9s, de vos visiteurs et de votre outil de travail.<\/h2>\n<\/div>\n<\/div>\n\n\n\n<div class=\"wp-block-group wow animate__animated animate__fadeInUp has-global-padding is-layout-constrained wp-block-group-is-layout-constrained\" style=\"margin-top:0;margin-bottom:0;padding-top:var(--wp--preset--spacing--50);padding-bottom:var(--wp--preset--spacing--50)\">\n<div class=\"wp-block-columns are-vertically-aligned-center is-layout-flex wp-container-core-columns-is-layout-7fc3d43a wp-block-columns-is-layout-flex\">\n<div class=\"wp-block-column is-vertically-aligned-center wow animate__animated animate__fadeInUp is-layout-flow wp-block-column-is-layout-flow\">\n<figure class=\"wp-block-image size-full is-resized has-custom-border\"><img decoding=\"async\" width=\"318\" height=\"159\" src=\"https:\/\/jmdstracksarl.com\/wp-content\/uploads\/2025\/11\/1.jpeg\" alt=\"\" class=\"wp-image-273\" style=\"border-radius:8px;width:544px;height:auto\" srcset=\"https:\/\/jmdstracksarl.com\/wp-content\/uploads\/2025\/11\/1.jpeg 318w, https:\/\/jmdstracksarl.com\/wp-content\/uploads\/2025\/11\/1-300x150.jpeg 300w\" sizes=\"(max-width: 318px) 100vw, 318px\" \/><\/figure>\n<\/div>\n\n\n\n<div class=\"wp-block-column is-vertically-aligned-center wow animate__animated animate__fadeInUp is-layout-flow wp-block-column-is-layout-flow\" style=\"flex-basis:45%\">\n<div class=\"wp-block-group has-global-padding is-layout-constrained wp-block-group-is-layout-constrained\" style=\"margin-top:0;margin-bottom:0;padding-top:0;padding-bottom:0\">\n<p class=\"has-text-align-left\" style=\"margin-top:0;margin-bottom:0\"><mark style=\"background-color:rgba(0, 0, 0, 0);color:#01a4ef\" class=\"has-inline-color\">Les avantages des cam\u00e9ras de surveillance\u00a0:\u00a0<\/mark><\/p>\n\n\n\n<ul class=\"wp-block-list\">\n<li>D\u2019optimiser un syst\u00e8me d\u2019alarme<\/li>\n\n\n\n<li>De contr\u00f4ler le flux de client<\/li>\n\n\n\n<li>De contr\u00f4ler le flux de marchandise<\/li>\n\n\n\n<li>De surveiller les all\u00e9es de circulation<\/li>\n\n\n\n<li>De s\u00e9curiser la p\u00e9riph\u00e9rie du site<\/li>\n<\/ul>\n<\/div>\n<\/div>\n<\/div>\n<\/div>\n\n\n\n<div class=\"wp-block-group wow animate__animated animate__fadeInUp has-base-background-color has-background has-global-padding is-layout-constrained wp-block-group-is-layout-constrained\" style=\"margin-top:0;margin-bottom:0;padding-top:var(--wp--preset--spacing--50);padding-bottom:var(--wp--preset--spacing--50)\">\n<div class=\"wp-block-group has-global-padding is-layout-constrained wp-block-group-is-layout-constrained\" style=\"margin-top:0;margin-bottom:0;padding-top:0;padding-bottom:0\">\n<h2 class=\"wp-block-heading has-text-align-center has-body-font-family\" style=\"margin-top:0;font-size:clamp(20px, 1.25rem + ((1vw - 3.2px) * 1.463), 32px);font-style:normal;font-weight:500;line-height:1.4\">FAITES APPELLE A NOUS POUR LES BESOINS SUIVANTS :<\/h2>\n<\/div>\n\n\n\n<div class=\"wp-block-columns is-layout-flex wp-container-core-columns-is-layout-65e6f041 wp-block-columns-is-layout-flex\" style=\"padding-top:var(--wp--preset--spacing--20)\">\n<div class=\"wp-block-column wow animate__animated animate__fadeInUp is-layout-flow wp-block-column-is-layout-flow\" style=\"padding-top:0;padding-right:0;padding-bottom:0;padding-left:0\">\n<div class=\"wp-block-group has-border-color has-base-2-background-color has-background has-global-padding is-layout-constrained wp-container-core-group-is-layout-4b944eed wp-block-group-is-layout-constrained\" style=\"border-color:#f5f5f585;border-width:1px;border-radius:8px;padding-top:var(--wp--preset--spacing--10);padding-right:var(--wp--preset--spacing--10);padding-bottom:var(--wp--preset--spacing--20);padding-left:var(--wp--preset--spacing--10)\">\n<figure class=\"wp-block-image size-full has-custom-border\"><img decoding=\"async\" width=\"269\" height=\"187\" src=\"https:\/\/jmdstracksarl.com\/wp-content\/uploads\/2025\/11\/tt.jpeg\" alt=\"\" class=\"wp-image-275\" style=\"border-radius:8px\"\/><\/figure>\n\n\n\n<h3 class=\"wp-block-heading has-text-align-center\" style=\"font-size:clamp(14.082px, 0.88rem + ((1vw - 3.2px) * 0.844), 21px);font-style:normal;font-weight:500\">Surveillance depuis un Smartphone ou tablette<\/h3>\n\n\n\n<p class=\"has-text-align-center\">Nous pouvons r\u00e9pondre \u00e0 des demandes de surveillance depuis un smartphone ou une tablette. Vous pouvez piloter ainsi depuis votre t\u00e9l\u00e9phone votre vid\u00e9o surveillance et v\u00e9rifier la s\u00e9curit\u00e9 du site o\u00f9 que vous soyez. Pour cela, nous installons des cam\u00e9ras IP wifi sans fil ou cam\u00e9ras r\u00e9seau qui fonctionne par le biais du Protocole Internet.<\/p>\n<\/div>\n<\/div>\n\n\n\n<div class=\"wp-block-column is-layout-flow wp-block-column-is-layout-flow\" style=\"padding-top:0;padding-right:0;padding-bottom:0;padding-left:0\">\n<div class=\"wp-block-group wow animate__animated animate__fadeInUp has-border-color has-base-2-background-color has-background has-global-padding is-layout-constrained wp-container-core-group-is-layout-4b944eed wp-block-group-is-layout-constrained\" style=\"border-color:#f5f5f585;border-width:1px;border-radius:8px;padding-top:var(--wp--preset--spacing--10);padding-right:var(--wp--preset--spacing--10);padding-bottom:var(--wp--preset--spacing--20);padding-left:var(--wp--preset--spacing--10)\">\n<figure class=\"wp-block-image size-full has-custom-border\"><img loading=\"lazy\" decoding=\"async\" width=\"760\" height=\"475\" src=\"https:\/\/jmdstracksarl.com\/wp-content\/uploads\/2025\/11\/mms.png\" alt=\"\" class=\"wp-image-276\" style=\"border-radius:8px\" srcset=\"https:\/\/jmdstracksarl.com\/wp-content\/uploads\/2025\/11\/mms.png 760w, https:\/\/jmdstracksarl.com\/wp-content\/uploads\/2025\/11\/mms-300x188.png 300w\" sizes=\"(max-width: 760px) 100vw, 760px\" \/><\/figure>\n\n\n\n<h3 class=\"wp-block-heading has-text-align-center\" style=\"font-size:clamp(14.082px, 0.88rem + ((1vw - 3.2px) * 0.844), 21px);font-style:normal;font-weight:500\">Vid\u00e9oSurveillance MULTI-SITES<\/h3>\n\n\n\n<p class=\"has-text-align-center\">Entreprises multi-sites, nous mettons \u00e0 votre disposition notre technologie de surveillance vid\u00e9o et nos moyens humains afin d\u2019assurer la protection de vos sites. Notre syst\u00e8me de surveillance centralis\u00e9 vous permet de garder un \u0153il sur l\u2019ensemble de vos infrastructures. Nous stockons l\u2019ensemble des donn\u00e9es recueillies dans un espace prot\u00e9g\u00e9 sur le cloud qui vous permet d\u2019acc\u00e9der \u00e0 tout moment et dans un d\u00e9lai tr\u00e8s court, \u00e0 l\u2019ensemble des vid\u00e9os de vos sites.<\/p>\n<\/div>\n<\/div>\n\n\n\n<div class=\"wp-block-column is-layout-flow wp-block-column-is-layout-flow\" style=\"padding-top:0;padding-right:0;padding-bottom:0;padding-left:0\">\n<div class=\"wp-block-group wow animate__animated animate__fadeInUp has-border-color has-base-2-background-color has-background has-global-padding is-layout-constrained wp-container-core-group-is-layout-4b944eed wp-block-group-is-layout-constrained\" style=\"border-color:#f5f5f585;border-width:1px;border-radius:8px;padding-top:var(--wp--preset--spacing--10);padding-right:var(--wp--preset--spacing--10);padding-bottom:var(--wp--preset--spacing--20);padding-left:var(--wp--preset--spacing--10)\">\n<figure class=\"wp-block-image size-full is-resized has-custom-border\"><img loading=\"lazy\" decoding=\"async\" width=\"318\" height=\"159\" src=\"https:\/\/jmdstracksarl.com\/wp-content\/uploads\/2025\/11\/zaz.jpeg\" alt=\"\" class=\"wp-image-280\" style=\"border-radius:8px;width:337px;height:auto\" srcset=\"https:\/\/jmdstracksarl.com\/wp-content\/uploads\/2025\/11\/zaz.jpeg 318w, https:\/\/jmdstracksarl.com\/wp-content\/uploads\/2025\/11\/zaz-300x150.jpeg 300w\" sizes=\"(max-width: 318px) 100vw, 318px\" \/><\/figure>\n\n\n\n<h3 class=\"wp-block-heading has-text-align-center\" style=\"font-size:clamp(14.082px, 0.88rem + ((1vw - 3.2px) * 0.844), 21px);font-style:normal;font-weight:500\">Enregistrement 24H\/24, 7J\/7 ou sur mouvement<\/h3>\n\n\n\n<p>Quel que soit votre besoin en mati\u00e8re de vid\u00e9osurveillance, nous pouvons vous proposer des solutions de vid\u00e9osurveillance qui fonctionnent soit<strong>&nbsp;24H\/24 et 7J\/7<\/strong>, soit qui se d\u00e9clenchent lors de la d\u00e9tection d\u2019un mouvement.<\/p>\n<\/div>\n<\/div>\n<\/div>\n<\/div>\n\n\n","protected":false},"excerpt":{"rendered":"<p>Les\u00a0cam\u00e9ras de surveillance\u00a0font aujourd\u2019hui partie int\u00e9grante de notre quotidien, elles permettent de garder toujours un \u0153il sur l\u2019activit\u00e9. La\u00a0surveillance vid\u00e9o est un dispositif indispensable\u00a0pour renforcer au quotidien la protection de vos employ\u00e9s, de vos visiteurs et de votre outil de travail. Les avantages des cam\u00e9ras de surveillance\u00a0:\u00a0 FAITES APPELLE A NOUS POUR LES BESOINS SUIVANTS [&hellip;]<\/p>\n","protected":false},"author":1,"featured_media":0,"parent":0,"menu_order":0,"comment_status":"closed","ping_status":"closed","template":"","meta":{"footnotes":""},"class_list":["post-110","page","type-page","status-publish","hentry"],"yoast_head":"<!-- This site is optimized with the Yoast SEO plugin v27.4 - https:\/\/yoast.com\/product\/yoast-seo-wordpress\/ -->\n<title>Vid\u00e9o Surveillance - JMDS TRACK Sarl<\/title>\n<meta name=\"robots\" content=\"index, follow, max-snippet:-1, max-image-preview:large, max-video-preview:-1\" \/>\n<link rel=\"canonical\" href=\"https:\/\/jmdstracksarl.com\/index.php\/video-surveillance\/\" \/>\n<meta property=\"og:locale\" content=\"en_US\" \/>\n<meta property=\"og:type\" content=\"article\" \/>\n<meta property=\"og:title\" content=\"Vid\u00e9o Surveillance - JMDS TRACK Sarl\" \/>\n<meta property=\"og:description\" content=\"Les\u00a0cam\u00e9ras de surveillance\u00a0font aujourd\u2019hui partie int\u00e9grante de notre quotidien, elles permettent de garder toujours un \u0153il sur l\u2019activit\u00e9. La\u00a0surveillance vid\u00e9o est un dispositif indispensable\u00a0pour renforcer au quotidien la protection de vos employ\u00e9s, de vos visiteurs et de votre outil de travail. Les avantages des cam\u00e9ras de surveillance\u00a0:\u00a0 FAITES APPELLE A NOUS POUR LES BESOINS SUIVANTS [&hellip;]\" \/>\n<meta property=\"og:url\" content=\"https:\/\/jmdstracksarl.com\/index.php\/video-surveillance\/\" \/>\n<meta property=\"og:site_name\" content=\"JMDS TRACK Sarl\" \/>\n<meta property=\"article:modified_time\" content=\"2025-11-18T15:26:25+00:00\" \/>\n<meta property=\"og:image\" content=\"https:\/\/jmdstracksarl.com\/wp-content\/uploads\/2025\/11\/video.png\" \/>\n\t<meta property=\"og:image:width\" content=\"826\" \/>\n\t<meta property=\"og:image:height\" content=\"773\" \/>\n\t<meta property=\"og:image:type\" content=\"image\/png\" \/>\n<meta name=\"twitter:card\" content=\"summary_large_image\" \/>\n<meta name=\"twitter:label1\" content=\"Est. reading time\" \/>\n\t<meta name=\"twitter:data1\" content=\"3 minutes\" \/>\n<script type=\"application\/ld+json\" class=\"yoast-schema-graph\">{\"@context\":\"https:\\\/\\\/schema.org\",\"@graph\":[{\"@type\":\"WebPage\",\"@id\":\"https:\\\/\\\/jmdstracksarl.com\\\/index.php\\\/video-surveillance\\\/\",\"url\":\"https:\\\/\\\/jmdstracksarl.com\\\/index.php\\\/video-surveillance\\\/\",\"name\":\"Vid\u00e9o Surveillance - JMDS TRACK Sarl\",\"isPartOf\":{\"@id\":\"https:\\\/\\\/jmdstracksarl.com\\\/#website\"},\"primaryImageOfPage\":{\"@id\":\"https:\\\/\\\/jmdstracksarl.com\\\/index.php\\\/video-surveillance\\\/#primaryimage\"},\"image\":{\"@id\":\"https:\\\/\\\/jmdstracksarl.com\\\/index.php\\\/video-surveillance\\\/#primaryimage\"},\"thumbnailUrl\":\"https:\\\/\\\/jmdstracksarl.com\\\/wp-content\\\/uploads\\\/2025\\\/11\\\/video.png\",\"datePublished\":\"2025-10-05T10:57:34+00:00\",\"dateModified\":\"2025-11-18T15:26:25+00:00\",\"breadcrumb\":{\"@id\":\"https:\\\/\\\/jmdstracksarl.com\\\/index.php\\\/video-surveillance\\\/#breadcrumb\"},\"inLanguage\":\"en-US\",\"potentialAction\":[{\"@type\":\"ReadAction\",\"target\":[\"https:\\\/\\\/jmdstracksarl.com\\\/index.php\\\/video-surveillance\\\/\"]}]},{\"@type\":\"ImageObject\",\"inLanguage\":\"en-US\",\"@id\":\"https:\\\/\\\/jmdstracksarl.com\\\/index.php\\\/video-surveillance\\\/#primaryimage\",\"url\":\"https:\\\/\\\/jmdstracksarl.com\\\/wp-content\\\/uploads\\\/2025\\\/11\\\/video.png\",\"contentUrl\":\"https:\\\/\\\/jmdstracksarl.com\\\/wp-content\\\/uploads\\\/2025\\\/11\\\/video.png\",\"width\":826,\"height\":773},{\"@type\":\"BreadcrumbList\",\"@id\":\"https:\\\/\\\/jmdstracksarl.com\\\/index.php\\\/video-surveillance\\\/#breadcrumb\",\"itemListElement\":[{\"@type\":\"ListItem\",\"position\":1,\"name\":\"Home\",\"item\":\"https:\\\/\\\/jmdstracksarl.com\\\/\"},{\"@type\":\"ListItem\",\"position\":2,\"name\":\"Vid\u00e9o Surveillance\"}]},{\"@type\":\"WebSite\",\"@id\":\"https:\\\/\\\/jmdstracksarl.com\\\/#website\",\"url\":\"https:\\\/\\\/jmdstracksarl.com\\\/\",\"name\":\"JMDS TRACK Sarl\",\"description\":\"\",\"publisher\":{\"@id\":\"https:\\\/\\\/jmdstracksarl.com\\\/#organization\"},\"potentialAction\":[{\"@type\":\"SearchAction\",\"target\":{\"@type\":\"EntryPoint\",\"urlTemplate\":\"https:\\\/\\\/jmdstracksarl.com\\\/?s={search_term_string}\"},\"query-input\":{\"@type\":\"PropertyValueSpecification\",\"valueRequired\":true,\"valueName\":\"search_term_string\"}}],\"inLanguage\":\"en-US\"},{\"@type\":\"Organization\",\"@id\":\"https:\\\/\\\/jmdstracksarl.com\\\/#organization\",\"name\":\"JMDS TRACK Sarl\",\"url\":\"https:\\\/\\\/jmdstracksarl.com\\\/\",\"logo\":{\"@type\":\"ImageObject\",\"inLanguage\":\"en-US\",\"@id\":\"https:\\\/\\\/jmdstracksarl.com\\\/#\\\/schema\\\/logo\\\/image\\\/\",\"url\":\"https:\\\/\\\/jmdstracksarl.com\\\/wp-content\\\/uploads\\\/2025\\\/09\\\/Logo.jpg\",\"contentUrl\":\"https:\\\/\\\/jmdstracksarl.com\\\/wp-content\\\/uploads\\\/2025\\\/09\\\/Logo.jpg\",\"width\":337,\"height\":200,\"caption\":\"JMDS TRACK Sarl\"},\"image\":{\"@id\":\"https:\\\/\\\/jmdstracksarl.com\\\/#\\\/schema\\\/logo\\\/image\\\/\"}}]}<\/script>\n<!-- \/ Yoast SEO plugin. -->","yoast_head_json":{"title":"Vid\u00e9o Surveillance - JMDS TRACK Sarl","robots":{"index":"index","follow":"follow","max-snippet":"max-snippet:-1","max-image-preview":"max-image-preview:large","max-video-preview":"max-video-preview:-1"},"canonical":"https:\/\/jmdstracksarl.com\/index.php\/video-surveillance\/","og_locale":"en_US","og_type":"article","og_title":"Vid\u00e9o Surveillance - JMDS TRACK Sarl","og_description":"Les\u00a0cam\u00e9ras de surveillance\u00a0font aujourd\u2019hui partie int\u00e9grante de notre quotidien, elles permettent de garder toujours un \u0153il sur l\u2019activit\u00e9. La\u00a0surveillance vid\u00e9o est un dispositif indispensable\u00a0pour renforcer au quotidien la protection de vos employ\u00e9s, de vos visiteurs et de votre outil de travail. Les avantages des cam\u00e9ras de surveillance\u00a0:\u00a0 FAITES APPELLE A NOUS POUR LES BESOINS SUIVANTS [&hellip;]","og_url":"https:\/\/jmdstracksarl.com\/index.php\/video-surveillance\/","og_site_name":"JMDS TRACK Sarl","article_modified_time":"2025-11-18T15:26:25+00:00","og_image":[{"width":826,"height":773,"url":"https:\/\/jmdstracksarl.com\/wp-content\/uploads\/2025\/11\/video.png","type":"image\/png"}],"twitter_card":"summary_large_image","twitter_misc":{"Est. reading time":"3 minutes"},"schema":{"@context":"https:\/\/schema.org","@graph":[{"@type":"WebPage","@id":"https:\/\/jmdstracksarl.com\/index.php\/video-surveillance\/","url":"https:\/\/jmdstracksarl.com\/index.php\/video-surveillance\/","name":"Vid\u00e9o Surveillance - JMDS TRACK Sarl","isPartOf":{"@id":"https:\/\/jmdstracksarl.com\/#website"},"primaryImageOfPage":{"@id":"https:\/\/jmdstracksarl.com\/index.php\/video-surveillance\/#primaryimage"},"image":{"@id":"https:\/\/jmdstracksarl.com\/index.php\/video-surveillance\/#primaryimage"},"thumbnailUrl":"https:\/\/jmdstracksarl.com\/wp-content\/uploads\/2025\/11\/video.png","datePublished":"2025-10-05T10:57:34+00:00","dateModified":"2025-11-18T15:26:25+00:00","breadcrumb":{"@id":"https:\/\/jmdstracksarl.com\/index.php\/video-surveillance\/#breadcrumb"},"inLanguage":"en-US","potentialAction":[{"@type":"ReadAction","target":["https:\/\/jmdstracksarl.com\/index.php\/video-surveillance\/"]}]},{"@type":"ImageObject","inLanguage":"en-US","@id":"https:\/\/jmdstracksarl.com\/index.php\/video-surveillance\/#primaryimage","url":"https:\/\/jmdstracksarl.com\/wp-content\/uploads\/2025\/11\/video.png","contentUrl":"https:\/\/jmdstracksarl.com\/wp-content\/uploads\/2025\/11\/video.png","width":826,"height":773},{"@type":"BreadcrumbList","@id":"https:\/\/jmdstracksarl.com\/index.php\/video-surveillance\/#breadcrumb","itemListElement":[{"@type":"ListItem","position":1,"name":"Home","item":"https:\/\/jmdstracksarl.com\/"},{"@type":"ListItem","position":2,"name":"Vid\u00e9o Surveillance"}]},{"@type":"WebSite","@id":"https:\/\/jmdstracksarl.com\/#website","url":"https:\/\/jmdstracksarl.com\/","name":"JMDS TRACK Sarl","description":"","publisher":{"@id":"https:\/\/jmdstracksarl.com\/#organization"},"potentialAction":[{"@type":"SearchAction","target":{"@type":"EntryPoint","urlTemplate":"https:\/\/jmdstracksarl.com\/?s={search_term_string}"},"query-input":{"@type":"PropertyValueSpecification","valueRequired":true,"valueName":"search_term_string"}}],"inLanguage":"en-US"},{"@type":"Organization","@id":"https:\/\/jmdstracksarl.com\/#organization","name":"JMDS TRACK Sarl","url":"https:\/\/jmdstracksarl.com\/","logo":{"@type":"ImageObject","inLanguage":"en-US","@id":"https:\/\/jmdstracksarl.com\/#\/schema\/logo\/image\/","url":"https:\/\/jmdstracksarl.com\/wp-content\/uploads\/2025\/09\/Logo.jpg","contentUrl":"https:\/\/jmdstracksarl.com\/wp-content\/uploads\/2025\/09\/Logo.jpg","width":337,"height":200,"caption":"JMDS TRACK Sarl"},"image":{"@id":"https:\/\/jmdstracksarl.com\/#\/schema\/logo\/image\/"}}]}},"_links":{"self":[{"href":"https:\/\/jmdstracksarl.com\/index.php\/wp-json\/wp\/v2\/pages\/110","targetHints":{"allow":["GET"]}}],"collection":[{"href":"https:\/\/jmdstracksarl.com\/index.php\/wp-json\/wp\/v2\/pages"}],"about":[{"href":"https:\/\/jmdstracksarl.com\/index.php\/wp-json\/wp\/v2\/types\/page"}],"author":[{"embeddable":true,"href":"https:\/\/jmdstracksarl.com\/index.php\/wp-json\/wp\/v2\/users\/1"}],"replies":[{"embeddable":true,"href":"https:\/\/jmdstracksarl.com\/index.php\/wp-json\/wp\/v2\/comments?post=110"}],"version-history":[{"count":5,"href":"https:\/\/jmdstracksarl.com\/index.php\/wp-json\/wp\/v2\/pages\/110\/revisions"}],"predecessor-version":[{"id":285,"href":"https:\/\/jmdstracksarl.com\/index.php\/wp-json\/wp\/v2\/pages\/110\/revisions\/285"}],"wp:attachment":[{"href":"https:\/\/jmdstracksarl.com\/index.php\/wp-json\/wp\/v2\/media?parent=110"}],"curies":[{"name":"wp","href":"https:\/\/api.w.org\/{rel}","templated":true}]}}