{"id":113,"date":"2025-10-05T10:59:30","date_gmt":"2025-10-05T10:59:30","guid":{"rendered":"https:\/\/jmdstracksarl.com\/?page_id=113"},"modified":"2025-11-18T14:33:50","modified_gmt":"2025-11-18T14:33:50","slug":"controle-dacces","status":"publish","type":"page","link":"https:\/\/jmdstracksarl.com\/index.php\/controle-dacces\/","title":{"rendered":"Contr\u00f4le d&#8217;Acc\u00e8s"},"content":{"rendered":"\n<div class=\"wp-block-group is-layout-flow wp-block-group-is-layout-flow has-background\" style=\"margin-top:0;margin-bottom:0;padding-top:0px;padding-right:0px;padding-bottom:0px;padding-left:0px;background-position:50% 50%;background-size:cover;\">\n<div class=\"wp-block-cover\" style=\"padding-top:80px;padding-right:20px;padding-bottom:80px;padding-left:20px;min-height:650px;aspect-ratio:unset;\"><img fetchpriority=\"high\" decoding=\"async\" width=\"1024\" height=\"515\" class=\"wp-block-cover__image-background wp-image-263 size-large\" alt=\"\" src=\"https:\/\/jmdstracksarl.com\/wp-content\/uploads\/2025\/11\/ccc-1024x515.jpg\" data-object-fit=\"cover\" srcset=\"https:\/\/jmdstracksarl.com\/wp-content\/uploads\/2025\/11\/ccc-1024x515.jpg 1024w, https:\/\/jmdstracksarl.com\/wp-content\/uploads\/2025\/11\/ccc-300x151.jpg 300w, https:\/\/jmdstracksarl.com\/wp-content\/uploads\/2025\/11\/ccc-768x387.jpg 768w, https:\/\/jmdstracksarl.com\/wp-content\/uploads\/2025\/11\/ccc.jpg 1216w\" sizes=\"(max-width: 1024px) 100vw, 1024px\" \/><span aria-hidden=\"true\" class=\"wp-block-cover__background has-background-dim\" style=\"background-color:#002b59\"><\/span><div class=\"wp-block-cover__inner-container has-global-padding is-layout-constrained wp-container-core-cover-is-layout-89cd2dc7 wp-block-cover-is-layout-constrained\">\n<div class=\"wp-block-columns are-vertically-aligned-center is-layout-flex wp-container-core-columns-is-layout-ec2e7a44 wp-block-columns-is-layout-flex\" style=\"padding-top:0;padding-bottom:0\">\n<div class=\"wp-block-column is-vertically-aligned-center is-layout-flow wp-block-column-is-layout-flow\" style=\"padding-top:40px;padding-bottom:40px\">\n<p class=\"has-base-2-color has-text-color has-link-color wp-elements-6dadbf2b12987618595c4a1c114c8e68\"><a href=\"http:\/\/foczou.elecit.net\/securite\/controle-dacces-au-cameroun\/\">Le\u00a0contr\u00f4le d\u2019acc\u00e8s<\/a>\u00a0au Cameroun et de\u00a0pr\u00e9sence\u00a0pour les entreprises qui ont besoin d\u2019effectuer un contr\u00f4le du personnel. Ceci en toute s\u00e9curit\u00e9 et pour toutes sortes d\u2019environnements, \u00e0 travers des dispositifs\u00a0biom\u00e9triques. Selon le besoin, syst\u00e8mes qui peuvent \u00eatre coupl\u00e9s avec des\u00a0<a href=\"http:\/\/foczou.elecit.net\/alarme-intrusion-incendie\/\">alarmes<\/a>\u00a0ou un syst\u00e8me de\u00a0<a href=\"http:\/\/foczou.elecit.net\/2018\/03\/07\/video-surveillance\/\">vid\u00e9osurveillance<\/a>.<\/p>\n<\/div>\n\n\n\n<div class=\"wp-block-column is-vertically-aligned-center is-layout-flow wp-block-column-is-layout-flow\"><\/div>\n<\/div>\n<\/div><\/div>\n<\/div>\n\n\n\n<main class=\"wp-block-group is-layout-flow wp-block-group-is-layout-flow\" style=\"margin-top:0;margin-bottom:0;padding-top:0;padding-right:0;padding-bottom:0;padding-left:0\">\n<div class=\"wp-block-group has-base-background-color has-background has-global-padding is-layout-constrained wp-container-core-group-is-layout-a1271a76 wp-block-group-is-layout-constrained\" style=\"margin-top:0;margin-bottom:0;padding-top:100px;padding-right:20px;padding-bottom:100px;padding-left:20px\">\n<div class=\"wp-block-group has-global-padding is-layout-constrained wp-container-core-group-is-layout-dca46307 wp-block-group-is-layout-constrained\" style=\"margin-top:0px;margin-bottom:60px\">\n<h2 class=\"wp-block-heading has-text-align-center has-secondary-color has-text-color has-link-color has-large-font-size wp-elements-9a5d2d77d709da13476c6c89664a916d\" style=\"padding-bottom:10px;font-style:normal;font-weight:700\">CE QUE NOUS PROPOSONS EN TERME DE CONTROLE D&#8217;ACCES<\/h2>\n<\/div>\n\n\n\n<div class=\"wp-block-group has-global-padding is-layout-constrained wp-container-core-group-is-layout-dadd0ff5 wp-block-group-is-layout-constrained\">\n<div class=\"wp-block-columns are-vertically-aligned-center is-layout-flex wp-container-core-columns-is-layout-d0bbbce0 wp-block-columns-is-layout-flex\">\n<div class=\"wp-block-column is-vertically-aligned-center is-layout-flow wp-block-column-is-layout-flow\" style=\"flex-basis:40%\">\n<div class=\"wp-block-cover is-light\" style=\"border-radius:10px;min-height:500px;aspect-ratio:unset;\"><img decoding=\"async\" width=\"276\" height=\"183\" class=\"wp-block-cover__image-background wp-image-264 size-full\" alt=\"\" src=\"https:\/\/jmdstracksarl.com\/wp-content\/uploads\/2025\/11\/aa.jpeg\" data-object-fit=\"cover\"\/><span aria-hidden=\"true\" class=\"wp-block-cover__background has-background-dim-0 has-background-dim\"><\/span><div class=\"wp-block-cover__inner-container has-global-padding is-layout-constrained wp-block-cover-is-layout-constrained\">\n<p><\/p>\n<\/div><\/div>\n<\/div>\n\n\n\n<div class=\"wp-block-column is-vertically-aligned-center is-layout-flow wp-block-column-is-layout-flow\">\n<div class=\"wp-block-group is-layout-grid wp-container-core-group-is-layout-57905219 wp-block-group-is-layout-grid\">\n<div class=\"wp-block-group has-global-padding is-layout-constrained wp-container-core-group-is-layout-4474b0c1 wp-block-group-is-layout-constrained\">\n<figure class=\"wp-block-image size-full is-resized\"><img decoding=\"async\" width=\"276\" height=\"183\" src=\"https:\/\/jmdstracksarl.com\/wp-content\/uploads\/2025\/11\/aa-1.jpeg\" alt=\"\" class=\"wp-image-265\" style=\"width:51px;height:auto\"\/><\/figure>\n\n\n\n<h2 class=\"wp-block-heading has-mdm-large-font-size\"><strong>Contr\u00f4le de pr\u00e9sence<\/strong><\/h2>\n\n\n\n<p>s\u2019adresse aux entreprises qui souhaitent faire un contr\u00f4le de pr\u00e9sence pour le personnel et pour les environnements mixtes (bureaux et entrep\u00f4ts avec le personnel).<\/p>\n<\/div>\n\n\n\n<div class=\"wp-block-group has-global-padding is-layout-constrained wp-container-core-group-is-layout-4474b0c1 wp-block-group-is-layout-constrained\">\n<figure class=\"wp-block-image size-full is-resized\"><img loading=\"lazy\" decoding=\"async\" width=\"493\" height=\"330\" src=\"https:\/\/jmdstracksarl.com\/wp-content\/uploads\/2025\/11\/caaaa.gif\" alt=\"\" class=\"wp-image-266\" style=\"width:53px;height:auto\"\/><\/figure>\n\n\n\n<h2 class=\"wp-block-heading has-mdm-large-font-size\"><strong>Contr\u00f4le de pr\u00e9sence sur PC<\/strong><\/h2>\n\n\n\n<p>p\u00e9cialement con\u00e7u pour les environnements de bureau. et adapt\u00e9 selon tout type d\u2019\u00e9tablissement sp\u00e9cialis\u00e9.<\/p>\n<\/div>\n\n\n\n<div class=\"wp-block-group has-global-padding is-layout-constrained wp-container-core-group-is-layout-4474b0c1 wp-block-group-is-layout-constrained\">\n<figure class=\"wp-block-image size-full is-resized\"><img loading=\"lazy\" decoding=\"async\" width=\"276\" height=\"183\" src=\"https:\/\/jmdstracksarl.com\/wp-content\/uploads\/2025\/11\/aa-2.jpeg\" alt=\"\" class=\"wp-image-267\" style=\"width:34px;height:auto\"\/><\/figure>\n\n\n\n<h2 class=\"wp-block-heading has-mdm-large-font-size\"><strong>Contr\u00f4le des biens et des Sites<\/strong><\/h2>\n\n\n\n<p>d\u00e9velopp\u00e9 pour les entreprises qui souhaitent contr\u00f4ler l\u2019acc\u00e8s \u00e0 certains lieux, en plus de la d\u00e9tection de pr\u00e9sence, et peut attribuer des privil\u00e8ges d\u2019acc\u00e8s diff\u00e9rents \u00e0 certaines zones<\/p>\n<\/div>\n<\/div>\n<\/div>\n<\/div>\n<\/div>\n<\/div>\n<\/main>\n","protected":false},"excerpt":{"rendered":"<p>CE QUE NOUS PROPOSONS EN TERME DE CONTROLE D&#8217;ACCES Contr\u00f4le de pr\u00e9sence s\u2019adresse aux entreprises qui souhaitent faire un contr\u00f4le de pr\u00e9sence pour le personnel et pour les environnements mixtes (bureaux et entrep\u00f4ts avec le personnel). Contr\u00f4le de pr\u00e9sence sur PC p\u00e9cialement con\u00e7u pour les environnements de bureau. et adapt\u00e9 selon tout type d\u2019\u00e9tablissement sp\u00e9cialis\u00e9. [&hellip;]<\/p>\n","protected":false},"author":1,"featured_media":0,"parent":0,"menu_order":0,"comment_status":"closed","ping_status":"closed","template":"","meta":{"footnotes":""},"class_list":["post-113","page","type-page","status-publish","hentry"],"yoast_head":"<!-- This site is optimized with the Yoast SEO plugin v27.4 - https:\/\/yoast.com\/product\/yoast-seo-wordpress\/ -->\n<title>Contr\u00f4le d&#039;Acc\u00e8s - JMDS TRACK Sarl<\/title>\n<meta name=\"robots\" content=\"index, follow, max-snippet:-1, max-image-preview:large, max-video-preview:-1\" \/>\n<link rel=\"canonical\" href=\"https:\/\/jmdstracksarl.com\/index.php\/controle-dacces\/\" \/>\n<meta property=\"og:locale\" content=\"en_US\" \/>\n<meta property=\"og:type\" content=\"article\" \/>\n<meta property=\"og:title\" content=\"Contr\u00f4le d&#039;Acc\u00e8s - JMDS TRACK Sarl\" \/>\n<meta property=\"og:description\" content=\"CE QUE NOUS PROPOSONS EN TERME DE CONTROLE D&#8217;ACCES Contr\u00f4le de pr\u00e9sence s\u2019adresse aux entreprises qui souhaitent faire un contr\u00f4le de pr\u00e9sence pour le personnel et pour les environnements mixtes (bureaux et entrep\u00f4ts avec le personnel). Contr\u00f4le de pr\u00e9sence sur PC p\u00e9cialement con\u00e7u pour les environnements de bureau. et adapt\u00e9 selon tout type d\u2019\u00e9tablissement sp\u00e9cialis\u00e9. [&hellip;]\" \/>\n<meta property=\"og:url\" content=\"https:\/\/jmdstracksarl.com\/index.php\/controle-dacces\/\" \/>\n<meta property=\"og:site_name\" content=\"JMDS TRACK Sarl\" \/>\n<meta property=\"article:modified_time\" content=\"2025-11-18T14:33:50+00:00\" \/>\n<meta property=\"og:image\" content=\"https:\/\/jmdstracksarl.com\/wp-content\/uploads\/2025\/11\/ccc.jpg\" \/>\n\t<meta property=\"og:image:width\" content=\"1216\" \/>\n\t<meta property=\"og:image:height\" content=\"612\" \/>\n\t<meta property=\"og:image:type\" content=\"image\/jpeg\" \/>\n<meta name=\"twitter:card\" content=\"summary_large_image\" \/>\n<meta name=\"twitter:label1\" content=\"Est. reading time\" \/>\n\t<meta name=\"twitter:data1\" content=\"2 minutes\" \/>\n<script type=\"application\/ld+json\" class=\"yoast-schema-graph\">{\"@context\":\"https:\\\/\\\/schema.org\",\"@graph\":[{\"@type\":\"WebPage\",\"@id\":\"https:\\\/\\\/jmdstracksarl.com\\\/index.php\\\/controle-dacces\\\/\",\"url\":\"https:\\\/\\\/jmdstracksarl.com\\\/index.php\\\/controle-dacces\\\/\",\"name\":\"Contr\u00f4le d'Acc\u00e8s - JMDS TRACK Sarl\",\"isPartOf\":{\"@id\":\"https:\\\/\\\/jmdstracksarl.com\\\/#website\"},\"primaryImageOfPage\":{\"@id\":\"https:\\\/\\\/jmdstracksarl.com\\\/index.php\\\/controle-dacces\\\/#primaryimage\"},\"image\":{\"@id\":\"https:\\\/\\\/jmdstracksarl.com\\\/index.php\\\/controle-dacces\\\/#primaryimage\"},\"thumbnailUrl\":\"https:\\\/\\\/jmdstracksarl.com\\\/wp-content\\\/uploads\\\/2025\\\/11\\\/ccc-1024x515.jpg\",\"datePublished\":\"2025-10-05T10:59:30+00:00\",\"dateModified\":\"2025-11-18T14:33:50+00:00\",\"breadcrumb\":{\"@id\":\"https:\\\/\\\/jmdstracksarl.com\\\/index.php\\\/controle-dacces\\\/#breadcrumb\"},\"inLanguage\":\"en-US\",\"potentialAction\":[{\"@type\":\"ReadAction\",\"target\":[\"https:\\\/\\\/jmdstracksarl.com\\\/index.php\\\/controle-dacces\\\/\"]}]},{\"@type\":\"ImageObject\",\"inLanguage\":\"en-US\",\"@id\":\"https:\\\/\\\/jmdstracksarl.com\\\/index.php\\\/controle-dacces\\\/#primaryimage\",\"url\":\"https:\\\/\\\/jmdstracksarl.com\\\/wp-content\\\/uploads\\\/2025\\\/11\\\/ccc.jpg\",\"contentUrl\":\"https:\\\/\\\/jmdstracksarl.com\\\/wp-content\\\/uploads\\\/2025\\\/11\\\/ccc.jpg\",\"width\":1216,\"height\":612},{\"@type\":\"BreadcrumbList\",\"@id\":\"https:\\\/\\\/jmdstracksarl.com\\\/index.php\\\/controle-dacces\\\/#breadcrumb\",\"itemListElement\":[{\"@type\":\"ListItem\",\"position\":1,\"name\":\"Home\",\"item\":\"https:\\\/\\\/jmdstracksarl.com\\\/\"},{\"@type\":\"ListItem\",\"position\":2,\"name\":\"Contr\u00f4le d&#8217;Acc\u00e8s\"}]},{\"@type\":\"WebSite\",\"@id\":\"https:\\\/\\\/jmdstracksarl.com\\\/#website\",\"url\":\"https:\\\/\\\/jmdstracksarl.com\\\/\",\"name\":\"JMDS TRACK Sarl\",\"description\":\"\",\"publisher\":{\"@id\":\"https:\\\/\\\/jmdstracksarl.com\\\/#organization\"},\"potentialAction\":[{\"@type\":\"SearchAction\",\"target\":{\"@type\":\"EntryPoint\",\"urlTemplate\":\"https:\\\/\\\/jmdstracksarl.com\\\/?s={search_term_string}\"},\"query-input\":{\"@type\":\"PropertyValueSpecification\",\"valueRequired\":true,\"valueName\":\"search_term_string\"}}],\"inLanguage\":\"en-US\"},{\"@type\":\"Organization\",\"@id\":\"https:\\\/\\\/jmdstracksarl.com\\\/#organization\",\"name\":\"JMDS TRACK Sarl\",\"url\":\"https:\\\/\\\/jmdstracksarl.com\\\/\",\"logo\":{\"@type\":\"ImageObject\",\"inLanguage\":\"en-US\",\"@id\":\"https:\\\/\\\/jmdstracksarl.com\\\/#\\\/schema\\\/logo\\\/image\\\/\",\"url\":\"https:\\\/\\\/jmdstracksarl.com\\\/wp-content\\\/uploads\\\/2025\\\/09\\\/Logo.jpg\",\"contentUrl\":\"https:\\\/\\\/jmdstracksarl.com\\\/wp-content\\\/uploads\\\/2025\\\/09\\\/Logo.jpg\",\"width\":337,\"height\":200,\"caption\":\"JMDS TRACK Sarl\"},\"image\":{\"@id\":\"https:\\\/\\\/jmdstracksarl.com\\\/#\\\/schema\\\/logo\\\/image\\\/\"}}]}<\/script>\n<!-- \/ Yoast SEO plugin. -->","yoast_head_json":{"title":"Contr\u00f4le d'Acc\u00e8s - JMDS TRACK Sarl","robots":{"index":"index","follow":"follow","max-snippet":"max-snippet:-1","max-image-preview":"max-image-preview:large","max-video-preview":"max-video-preview:-1"},"canonical":"https:\/\/jmdstracksarl.com\/index.php\/controle-dacces\/","og_locale":"en_US","og_type":"article","og_title":"Contr\u00f4le d'Acc\u00e8s - JMDS TRACK Sarl","og_description":"CE QUE NOUS PROPOSONS EN TERME DE CONTROLE D&#8217;ACCES Contr\u00f4le de pr\u00e9sence s\u2019adresse aux entreprises qui souhaitent faire un contr\u00f4le de pr\u00e9sence pour le personnel et pour les environnements mixtes (bureaux et entrep\u00f4ts avec le personnel). Contr\u00f4le de pr\u00e9sence sur PC p\u00e9cialement con\u00e7u pour les environnements de bureau. et adapt\u00e9 selon tout type d\u2019\u00e9tablissement sp\u00e9cialis\u00e9. [&hellip;]","og_url":"https:\/\/jmdstracksarl.com\/index.php\/controle-dacces\/","og_site_name":"JMDS TRACK Sarl","article_modified_time":"2025-11-18T14:33:50+00:00","og_image":[{"width":1216,"height":612,"url":"https:\/\/jmdstracksarl.com\/wp-content\/uploads\/2025\/11\/ccc.jpg","type":"image\/jpeg"}],"twitter_card":"summary_large_image","twitter_misc":{"Est. reading time":"2 minutes"},"schema":{"@context":"https:\/\/schema.org","@graph":[{"@type":"WebPage","@id":"https:\/\/jmdstracksarl.com\/index.php\/controle-dacces\/","url":"https:\/\/jmdstracksarl.com\/index.php\/controle-dacces\/","name":"Contr\u00f4le d'Acc\u00e8s - JMDS TRACK Sarl","isPartOf":{"@id":"https:\/\/jmdstracksarl.com\/#website"},"primaryImageOfPage":{"@id":"https:\/\/jmdstracksarl.com\/index.php\/controle-dacces\/#primaryimage"},"image":{"@id":"https:\/\/jmdstracksarl.com\/index.php\/controle-dacces\/#primaryimage"},"thumbnailUrl":"https:\/\/jmdstracksarl.com\/wp-content\/uploads\/2025\/11\/ccc-1024x515.jpg","datePublished":"2025-10-05T10:59:30+00:00","dateModified":"2025-11-18T14:33:50+00:00","breadcrumb":{"@id":"https:\/\/jmdstracksarl.com\/index.php\/controle-dacces\/#breadcrumb"},"inLanguage":"en-US","potentialAction":[{"@type":"ReadAction","target":["https:\/\/jmdstracksarl.com\/index.php\/controle-dacces\/"]}]},{"@type":"ImageObject","inLanguage":"en-US","@id":"https:\/\/jmdstracksarl.com\/index.php\/controle-dacces\/#primaryimage","url":"https:\/\/jmdstracksarl.com\/wp-content\/uploads\/2025\/11\/ccc.jpg","contentUrl":"https:\/\/jmdstracksarl.com\/wp-content\/uploads\/2025\/11\/ccc.jpg","width":1216,"height":612},{"@type":"BreadcrumbList","@id":"https:\/\/jmdstracksarl.com\/index.php\/controle-dacces\/#breadcrumb","itemListElement":[{"@type":"ListItem","position":1,"name":"Home","item":"https:\/\/jmdstracksarl.com\/"},{"@type":"ListItem","position":2,"name":"Contr\u00f4le d&#8217;Acc\u00e8s"}]},{"@type":"WebSite","@id":"https:\/\/jmdstracksarl.com\/#website","url":"https:\/\/jmdstracksarl.com\/","name":"JMDS TRACK Sarl","description":"","publisher":{"@id":"https:\/\/jmdstracksarl.com\/#organization"},"potentialAction":[{"@type":"SearchAction","target":{"@type":"EntryPoint","urlTemplate":"https:\/\/jmdstracksarl.com\/?s={search_term_string}"},"query-input":{"@type":"PropertyValueSpecification","valueRequired":true,"valueName":"search_term_string"}}],"inLanguage":"en-US"},{"@type":"Organization","@id":"https:\/\/jmdstracksarl.com\/#organization","name":"JMDS TRACK Sarl","url":"https:\/\/jmdstracksarl.com\/","logo":{"@type":"ImageObject","inLanguage":"en-US","@id":"https:\/\/jmdstracksarl.com\/#\/schema\/logo\/image\/","url":"https:\/\/jmdstracksarl.com\/wp-content\/uploads\/2025\/09\/Logo.jpg","contentUrl":"https:\/\/jmdstracksarl.com\/wp-content\/uploads\/2025\/09\/Logo.jpg","width":337,"height":200,"caption":"JMDS TRACK Sarl"},"image":{"@id":"https:\/\/jmdstracksarl.com\/#\/schema\/logo\/image\/"}}]}},"_links":{"self":[{"href":"https:\/\/jmdstracksarl.com\/index.php\/wp-json\/wp\/v2\/pages\/113","targetHints":{"allow":["GET"]}}],"collection":[{"href":"https:\/\/jmdstracksarl.com\/index.php\/wp-json\/wp\/v2\/pages"}],"about":[{"href":"https:\/\/jmdstracksarl.com\/index.php\/wp-json\/wp\/v2\/types\/page"}],"author":[{"embeddable":true,"href":"https:\/\/jmdstracksarl.com\/index.php\/wp-json\/wp\/v2\/users\/1"}],"replies":[{"embeddable":true,"href":"https:\/\/jmdstracksarl.com\/index.php\/wp-json\/wp\/v2\/comments?post=113"}],"version-history":[{"count":3,"href":"https:\/\/jmdstracksarl.com\/index.php\/wp-json\/wp\/v2\/pages\/113\/revisions"}],"predecessor-version":[{"id":270,"href":"https:\/\/jmdstracksarl.com\/index.php\/wp-json\/wp\/v2\/pages\/113\/revisions\/270"}],"wp:attachment":[{"href":"https:\/\/jmdstracksarl.com\/index.php\/wp-json\/wp\/v2\/media?parent=113"}],"curies":[{"name":"wp","href":"https:\/\/api.w.org\/{rel}","templated":true}]}}