{"id":115,"date":"2025-10-05T11:00:19","date_gmt":"2025-10-05T11:00:19","guid":{"rendered":"https:\/\/jmdstracksarl.com\/?page_id=115"},"modified":"2025-11-20T16:04:15","modified_gmt":"2025-11-20T16:04:15","slug":"geolocalisation","status":"publish","type":"page","link":"https:\/\/jmdstracksarl.com\/index.php\/geolocalisation\/","title":{"rendered":"G\u00e9olocalisation"},"content":{"rendered":"\n<div class=\"wp-block-group wow animate__animated animate__fadeInUp has-base-background-color has-background has-global-padding is-layout-constrained wp-block-group-is-layout-constrained\" style=\"margin-top:0;margin-bottom:0;padding-top:var(--wp--preset--spacing--50);padding-bottom:var(--wp--preset--spacing--50)\">\n<div class=\"wp-block-group has-global-padding is-layout-constrained wp-block-group-is-layout-constrained\" style=\"margin-top:0;margin-bottom:0;padding-top:0;padding-bottom:0\">\n<h2 class=\"wp-block-heading has-text-align-center has-body-font-family\" style=\"margin-top:0;font-size:clamp(20px, 1.25rem + ((1vw - 3.2px) * 1.463), 32px);font-style:normal;font-weight:500;line-height:1.4\">En terme de Geolocalisation nous proposons les services suivant:<\/h2>\n<\/div>\n\n\n\n<div class=\"wp-block-columns is-layout-flex wp-container-core-columns-is-layout-328c6305 wp-block-columns-is-layout-flex\" style=\"padding-top:var(--wp--preset--spacing--30)\">\n<div class=\"wp-block-column wow animate__animated animate__zoomIn animate__delay-1s is-layout-flow wp-block-column-is-layout-flow\" style=\"padding-top:0;padding-right:0;padding-bottom:0;padding-left:0\">\n<div class=\"wp-block-group has-border-color has-base-2-background-color has-background has-global-padding is-layout-constrained wp-container-core-group-is-layout-80fb368b wp-block-group-is-layout-constrained\" style=\"border-color:#f5f5f585;border-width:1px;border-radius:8px;padding-top:var(--wp--preset--spacing--30);padding-right:var(--wp--preset--spacing--30);padding-bottom:var(--wp--preset--spacing--30);padding-left:var(--wp--preset--spacing--30)\">\n<div class=\"wp-block-group small-icon has-secondary-background-color has-background has-global-padding is-content-justification-center is-layout-constrained wp-container-core-group-is-layout-53dde59a wp-block-group-is-layout-constrained\" style=\"padding-top:var(--wp--preset--spacing--20);padding-right:var(--wp--preset--spacing--20);padding-bottom:var(--wp--preset--spacing--20);padding-left:var(--wp--preset--spacing--20)\"><\/div>\n\n\n\n<h3 class=\"wp-block-heading has-text-align-center\" style=\"font-size:clamp(14.082px, 0.88rem + ((1vw - 3.2px) * 0.844), 21px);font-style:normal;font-weight:500\"><strong>Gestion de la flotte de v\u00e9hicules<\/strong><\/h3>\n\n\n\n<p class=\"has-text-align-center\">Gestion de plusieurs v\u00e9hicules dans la flotte en passant par la limitation de vitesse, programmation d\u2019entretien kilom\u00e9trique avec cr\u00e9ation d\u2019\u00e9v\u00e8nements.<\/p>\n<\/div>\n<\/div>\n\n\n\n<div class=\"wp-block-column wow animate__animated animate__zoomIn is-layout-flow wp-block-column-is-layout-flow\">\n<div class=\"wp-block-group has-border-color has-base-2-background-color has-background has-global-padding is-layout-constrained wp-container-core-group-is-layout-80fb368b wp-block-group-is-layout-constrained\" style=\"border-color:#f5f5f585;border-width:1px;border-radius:8px;padding-top:var(--wp--preset--spacing--30);padding-right:var(--wp--preset--spacing--30);padding-bottom:var(--wp--preset--spacing--30);padding-left:var(--wp--preset--spacing--30)\">\n<div class=\"wp-block-group small-icon has-background has-global-padding is-content-justification-center is-layout-constrained wp-container-core-group-is-layout-53dde59a wp-block-group-is-layout-constrained\" style=\"background-color:#2cac61;padding-top:var(--wp--preset--spacing--20);padding-right:var(--wp--preset--spacing--20);padding-bottom:var(--wp--preset--spacing--20);padding-left:var(--wp--preset--spacing--20)\"><\/div>\n\n\n\n<h3 class=\"wp-block-heading has-text-align-center\" style=\"font-size:clamp(14.082px, 0.88rem + ((1vw - 3.2px) * 0.844), 21px);font-style:normal;font-weight:500\"><strong><strong>Tracking avec vid\u00e9o&nbsp;<\/strong><\/strong>surve<strong><strong>illance&nbsp;<\/strong><\/strong><\/h3>\n\n\n\n<p class=\"has-text-align-center\">Contr\u00f4le et suivie \/ monitoring des chauffeurs et v\u00e9hicules par vid\u00e9o surveillance et le suivi en temps r\u00e9el avec g\u00e9n\u00e9ration des rapports : photos, vid\u00e9os, et voix<\/p>\n<\/div>\n<\/div>\n\n\n\n<div class=\"wp-block-column wow animate__animated animate__zoomIn is-layout-flow wp-block-column-is-layout-flow\">\n<div class=\"wp-block-group has-border-color has-base-2-background-color has-background has-global-padding is-layout-constrained wp-container-core-group-is-layout-80fb368b wp-block-group-is-layout-constrained\" style=\"border-color:#f5f5f585;border-width:1px;border-radius:8px;padding-top:var(--wp--preset--spacing--30);padding-right:var(--wp--preset--spacing--30);padding-bottom:var(--wp--preset--spacing--30);padding-left:var(--wp--preset--spacing--30)\">\n<div class=\"wp-block-group small-icon has-background has-global-padding is-content-justification-center is-layout-constrained wp-container-core-group-is-layout-53dde59a wp-block-group-is-layout-constrained\" style=\"background-color:#c2b100;padding-top:var(--wp--preset--spacing--20);padding-right:var(--wp--preset--spacing--20);padding-bottom:var(--wp--preset--spacing--20);padding-left:var(--wp--preset--spacing--20)\"><\/div>\n\n\n\n<h3 class=\"wp-block-heading has-text-align-center\" style=\"font-size:clamp(14.082px, 0.88rem + ((1vw - 3.2px) * 0.844), 21px);font-style:normal;font-weight:500\">Tracking National et international<\/h3>\n\n\n\n<p class=\"has-text-align-center\">Nous trackons le patrimoine de nos clients sur le plan national et international (zone CEMAC)<\/p>\n<\/div>\n<\/div>\n<\/div>\n\n\n\n<div class=\"wp-block-columns is-layout-flex wp-container-core-columns-is-layout-e79a657b wp-block-columns-is-layout-flex\" style=\"padding-top:0\">\n<div class=\"wp-block-column wow animate__animated animate__zoomIn is-layout-flow wp-block-column-is-layout-flow\" style=\"padding-top:0;padding-right:0;padding-bottom:0;padding-left:0\">\n<div class=\"wp-block-group has-border-color has-base-2-background-color has-background has-global-padding is-layout-constrained wp-container-core-group-is-layout-80fb368b wp-block-group-is-layout-constrained\" style=\"border-color:#f5f5f585;border-width:1px;border-radius:8px;padding-top:var(--wp--preset--spacing--30);padding-right:var(--wp--preset--spacing--30);padding-bottom:var(--wp--preset--spacing--30);padding-left:var(--wp--preset--spacing--30)\">\n<div class=\"wp-block-group small-icon has-background has-global-padding is-content-justification-center is-layout-constrained wp-container-core-group-is-layout-53dde59a wp-block-group-is-layout-constrained\" style=\"background-color:#d93dd2;padding-top:var(--wp--preset--spacing--20);padding-right:var(--wp--preset--spacing--20);padding-bottom:var(--wp--preset--spacing--20);padding-left:var(--wp--preset--spacing--20)\"><\/div>\n\n\n\n<h3 class=\"wp-block-heading has-text-align-center\" style=\"font-size:clamp(14.082px, 0.88rem + ((1vw - 3.2px) * 0.844), 21px);font-style:normal;font-weight:500\">Solutions antivols<\/h3>\n\n\n\n<p class=\"has-text-align-center\">Nous fournissons une solution antivol et GPS tracking pour tout type de produit \u00e9galement mobiliser le v\u00e9hicule \u00e0 distance et \/ ou bloquer son moteur (distance).<\/p>\n<\/div>\n<\/div>\n\n\n\n<div class=\"wp-block-column wow animate__animated animate__zoomIn is-layout-flow wp-block-column-is-layout-flow\">\n<div class=\"wp-block-group has-border-color has-base-2-background-color has-background has-global-padding is-layout-constrained wp-container-core-group-is-layout-80fb368b wp-block-group-is-layout-constrained\" style=\"border-color:#f5f5f585;border-width:1px;border-radius:8px;padding-top:var(--wp--preset--spacing--30);padding-right:var(--wp--preset--spacing--30);padding-bottom:var(--wp--preset--spacing--30);padding-left:var(--wp--preset--spacing--30)\">\n<div class=\"wp-block-group small-icon has-background has-global-padding is-content-justification-center is-layout-constrained wp-container-core-group-is-layout-53dde59a wp-block-group-is-layout-constrained\" style=\"background-color:#a60808;padding-top:var(--wp--preset--spacing--20);padding-right:var(--wp--preset--spacing--20);padding-bottom:var(--wp--preset--spacing--20);padding-left:var(--wp--preset--spacing--20)\"><\/div>\n\n\n\n<h3 class=\"wp-block-heading has-text-align-center\" style=\"font-size:clamp(14.082px, 0.88rem + ((1vw - 3.2px) * 0.844), 21px);font-style:normal;font-weight:500\">Tracking vid\u00e9o IA<\/h3>\n\n\n\n<p class=\"has-text-align-center\">Un syst\u00e8me de vid\u00e9o avanc\u00e9 bas\u00e9 sur l\u2019IA (Intelligence Artificielle) et s\u00e9curit\u00e9 La\u2002capture\u2002les anomalies du chauffeur et les anomalies de conduites du chauffeur.<\/p>\n<\/div>\n<\/div>\n\n\n\n<div class=\"wp-block-column wow animate__animated animate__zoomIn animate__delay-1s is-layout-flow wp-block-column-is-layout-flow\">\n<div class=\"wp-block-group has-border-color has-base-2-background-color has-background has-global-padding is-layout-constrained wp-container-core-group-is-layout-80fb368b wp-block-group-is-layout-constrained\" style=\"border-color:#f5f5f585;border-width:1px;border-radius:8px;padding-top:var(--wp--preset--spacing--30);padding-right:var(--wp--preset--spacing--30);padding-bottom:var(--wp--preset--spacing--30);padding-left:var(--wp--preset--spacing--30)\">\n<div class=\"wp-block-group small-icon has-background has-global-padding is-content-justification-center is-layout-constrained wp-container-core-group-is-layout-53dde59a wp-block-group-is-layout-constrained\" style=\"background-color:#ff820d;padding-top:var(--wp--preset--spacing--20);padding-right:var(--wp--preset--spacing--20);padding-bottom:var(--wp--preset--spacing--20);padding-left:var(--wp--preset--spacing--20)\"><\/div>\n\n\n\n<h3 class=\"wp-block-heading has-text-align-center\" style=\"font-size:clamp(14.082px, 0.88rem + ((1vw - 3.2px) * 0.844), 21px);font-style:normal;font-weight:500\"><strong>Gestion des rapports<\/strong><\/h3>\n\n\n\n<p class=\"has-text-align-center\">G\u00e9n\u00e9ration des rapports statistiques sur le v\u00e9hicule ou chauffeur : sur vitesse, voyage Ravitaillement : consommation, d\u00e9marrage, stationnement.<\/p>\n<\/div>\n<\/div>\n<\/div>\n<\/div>\n\n\n\n<div class=\"wp-block-group wow animate__animated animate__fadeInUp has-global-padding is-layout-constrained wp-block-group-is-layout-constrained\" style=\"margin-top:0;margin-bottom:0;padding-top:var(--wp--preset--spacing--50);padding-bottom:var(--wp--preset--spacing--50)\">\n<div class=\"wp-block-columns are-vertically-aligned-center is-layout-flex wp-container-core-columns-is-layout-7fc3d43a wp-block-columns-is-layout-flex\">\n<div class=\"wp-block-column is-vertically-aligned-center wow animate__animated animate__fadeInUp is-layout-flow wp-block-column-is-layout-flow\">\n<figure class=\"wp-block-image size-full has-custom-border\"><img fetchpriority=\"high\" decoding=\"async\" width=\"960\" height=\"604\" src=\"https:\/\/jmdstracksarl.com\/wp-content\/uploads\/2025\/11\/trac.jpg\" alt=\"\" class=\"wp-image-256\" style=\"border-radius:8px\" srcset=\"https:\/\/jmdstracksarl.com\/wp-content\/uploads\/2025\/11\/trac.jpg 960w, https:\/\/jmdstracksarl.com\/wp-content\/uploads\/2025\/11\/trac-300x189.jpg 300w, https:\/\/jmdstracksarl.com\/wp-content\/uploads\/2025\/11\/trac-768x483.jpg 768w\" sizes=\"(max-width: 960px) 100vw, 960px\" \/><\/figure>\n<\/div>\n\n\n\n<div class=\"wp-block-column is-vertically-aligned-center wow animate__animated animate__fadeInUp is-layout-flow wp-block-column-is-layout-flow\" style=\"flex-basis:45%\">\n<div class=\"wp-block-group has-global-padding is-layout-constrained wp-block-group-is-layout-constrained\" style=\"margin-top:0;margin-bottom:0;padding-top:0;padding-bottom:0\">\n<h2 class=\"wp-block-heading has-text-align-left has-body-font-family\" style=\"margin-top:0;font-size:clamp(20px, 1.25rem + ((1vw - 3.2px) * 1.463), 32px);font-style:normal;font-weight:500;line-height:1.2\">T\u00e9l\u00e9matique, GPS Tracking<\/h2>\n\n\n\n<p><strong>SUIVI DU NIVEAU DE&nbsp;<\/strong><strong>CARBUR<\/strong><strong>ANT<\/strong><\/p>\n\n\n\n<p>Trajets horodat\u00e9s et cartographi\u00e9s avec le niveau de carburant du\/des r\u00e9servoir(s) et localisation des alertes<\/p>\n\n\n\n<p><strong>RAPPROCHEMENT&nbsp;<\/strong><\/p>\n\n\n\n<p>Prises de carburant avec les factures import\u00e9es dans la plateforme<\/p>\n<\/div>\n<\/div>\n<\/div>\n<\/div>\n\n\n\n<div class=\"wp-block-group wow animate__animated animate__fadeInUp has-global-padding is-layout-constrained wp-block-group-is-layout-constrained\" style=\"margin-top:0;margin-bottom:0;padding-top:var(--wp--preset--spacing--50);padding-bottom:var(--wp--preset--spacing--50)\">\n<div class=\"wp-block-columns are-vertically-aligned-center is-layout-flex wp-container-core-columns-is-layout-7fc3d43a wp-block-columns-is-layout-flex\">\n<div class=\"wp-block-column is-vertically-aligned-center wow animate__animated animate__fadeInUp is-layout-flow wp-block-column-is-layout-flow\">\n<figure class=\"wp-block-image size-full has-custom-border\"><img decoding=\"async\" width=\"405\" height=\"383\" src=\"https:\/\/jmdstracksarl.com\/wp-content\/uploads\/2025\/11\/alerte.png\" alt=\"\" class=\"wp-image-258\" style=\"border-radius:8px\" srcset=\"https:\/\/jmdstracksarl.com\/wp-content\/uploads\/2025\/11\/alerte.png 405w, https:\/\/jmdstracksarl.com\/wp-content\/uploads\/2025\/11\/alerte-300x284.png 300w\" sizes=\"(max-width: 405px) 100vw, 405px\" \/><\/figure>\n<\/div>\n\n\n\n<div class=\"wp-block-column is-vertically-aligned-center wow animate__animated animate__fadeInUp is-layout-flow wp-block-column-is-layout-flow\" style=\"flex-basis:45%\">\n<div class=\"wp-block-group has-global-padding is-layout-constrained wp-block-group-is-layout-constrained\" style=\"margin-top:0;margin-bottom:0;padding-top:0;padding-bottom:0\">\n<h2 class=\"wp-block-heading has-text-align-left has-body-font-family\" style=\"margin-top:0;font-size:clamp(20px, 1.25rem + ((1vw - 3.2px) * 1.463), 32px);font-style:normal;font-weight:500;line-height:1.2\"><strong>Param\u00e9trages des Alertes <\/strong><\/h2>\n\n\n\n<p>Prise de carburant, Vol, Niveau bas, Incoh\u00e9rence avec les factures de carburant import\u00e9es<\/p>\n\n\n\n<p><strong>HISTORIQUE des alertes<\/strong><\/p>\n\n\n\n<p><strong> PARAMETRAGE DES RAPPORTS SP\u00c9CIFIQUES&nbsp;<\/strong><\/p>\n\n\n\n<p>Instantan\u00e9s ou en abonnement Alertes, Consommation, Prises de carburant<\/p>\n<\/div>\n<\/div>\n<\/div>\n\n\n\n<div class=\"wp-block-columns are-vertically-aligned-center is-layout-flex wp-container-core-columns-is-layout-7fc3d43a wp-block-columns-is-layout-flex\">\n<div class=\"wp-block-column is-vertically-aligned-center wow animate__animated animate__fadeInUp is-layout-flow wp-block-column-is-layout-flow\">\n<figure class=\"wp-block-image size-full has-custom-border\"><img decoding=\"async\" width=\"400\" height=\"250\" src=\"https:\/\/jmdstracksarl.com\/wp-content\/uploads\/2025\/11\/vid.jpg\" alt=\"\" class=\"wp-image-261\" style=\"border-radius:8px\" srcset=\"https:\/\/jmdstracksarl.com\/wp-content\/uploads\/2025\/11\/vid.jpg 400w, https:\/\/jmdstracksarl.com\/wp-content\/uploads\/2025\/11\/vid-300x188.jpg 300w\" sizes=\"(max-width: 400px) 100vw, 400px\" \/><\/figure>\n<\/div>\n\n\n\n<div class=\"wp-block-column is-vertically-aligned-center wow animate__animated animate__fadeInUp is-layout-flow wp-block-column-is-layout-flow\" style=\"flex-basis:45%\">\n<div class=\"wp-block-group has-global-padding is-layout-constrained wp-block-group-is-layout-constrained\" style=\"margin-top:0;margin-bottom:0;padding-top:0;padding-bottom:0\">\n<h2 class=\"wp-block-heading has-text-align-left has-body-font-family\" style=\"margin-top:0;font-size:clamp(20px, 1.25rem + ((1vw - 3.2px) * 1.463), 32px);font-style:normal;font-weight:500;line-height:1.2\"><strong>TRACKING AVEC VIDEO SURVEILLANCE<\/strong><\/h2>\n\n\n\n<p>Contr\u00f4le et suivi\/monitoring des chauffeurs et v\u00e9hicules par vid\u00e9o surveillance et le suivie en temps r\u00e9el avec g\u00e9n\u00e9ration des rapports; photos vid\u00e9os et voix<\/p>\n<\/div>\n<\/div>\n<\/div>\n<\/div>\n\n\n","protected":false},"excerpt":{"rendered":"<p>En terme de Geolocalisation nous proposons les services suivant: Gestion de la flotte de v\u00e9hicules Gestion de plusieurs v\u00e9hicules dans la flotte en passant par la limitation de vitesse, programmation d\u2019entretien kilom\u00e9trique avec cr\u00e9ation d\u2019\u00e9v\u00e8nements. Tracking avec vid\u00e9o&nbsp;surveillance&nbsp; Contr\u00f4le et suivie \/ monitoring des chauffeurs et v\u00e9hicules par vid\u00e9o surveillance et le suivi en temps [&hellip;]<\/p>\n","protected":false},"author":1,"featured_media":0,"parent":0,"menu_order":0,"comment_status":"closed","ping_status":"closed","template":"","meta":{"footnotes":""},"class_list":["post-115","page","type-page","status-publish","hentry"],"yoast_head":"<!-- This site is optimized with the Yoast SEO plugin v27.4 - https:\/\/yoast.com\/product\/yoast-seo-wordpress\/ -->\n<title>G\u00e9olocalisation - JMDS TRACK Sarl<\/title>\n<meta name=\"robots\" content=\"index, follow, max-snippet:-1, max-image-preview:large, max-video-preview:-1\" \/>\n<link rel=\"canonical\" href=\"https:\/\/jmdstracksarl.com\/index.php\/geolocalisation\/\" \/>\n<meta property=\"og:locale\" content=\"en_US\" \/>\n<meta property=\"og:type\" content=\"article\" \/>\n<meta property=\"og:title\" content=\"G\u00e9olocalisation - JMDS TRACK Sarl\" \/>\n<meta property=\"og:description\" content=\"En terme de Geolocalisation nous proposons les services suivant: Gestion de la flotte de v\u00e9hicules Gestion de plusieurs v\u00e9hicules dans la flotte en passant par la limitation de vitesse, programmation d\u2019entretien kilom\u00e9trique avec cr\u00e9ation d\u2019\u00e9v\u00e8nements. Tracking avec vid\u00e9o&nbsp;surveillance&nbsp; Contr\u00f4le et suivie \/ monitoring des chauffeurs et v\u00e9hicules par vid\u00e9o surveillance et le suivi en temps [&hellip;]\" \/>\n<meta property=\"og:url\" content=\"https:\/\/jmdstracksarl.com\/index.php\/geolocalisation\/\" \/>\n<meta property=\"og:site_name\" content=\"JMDS TRACK Sarl\" \/>\n<meta property=\"article:modified_time\" content=\"2025-11-20T16:04:15+00:00\" \/>\n<meta property=\"og:image\" content=\"https:\/\/jmdstracksarl.com\/wp-content\/uploads\/2025\/11\/trac.jpg\" \/>\n\t<meta property=\"og:image:width\" content=\"960\" \/>\n\t<meta property=\"og:image:height\" content=\"604\" \/>\n\t<meta property=\"og:image:type\" content=\"image\/jpeg\" \/>\n<meta name=\"twitter:card\" content=\"summary_large_image\" \/>\n<meta name=\"twitter:label1\" content=\"Est. reading time\" \/>\n\t<meta name=\"twitter:data1\" content=\"2 minutes\" \/>\n<script type=\"application\/ld+json\" class=\"yoast-schema-graph\">{\"@context\":\"https:\\\/\\\/schema.org\",\"@graph\":[{\"@type\":\"WebPage\",\"@id\":\"https:\\\/\\\/jmdstracksarl.com\\\/index.php\\\/geolocalisation\\\/\",\"url\":\"https:\\\/\\\/jmdstracksarl.com\\\/index.php\\\/geolocalisation\\\/\",\"name\":\"G\u00e9olocalisation - JMDS TRACK Sarl\",\"isPartOf\":{\"@id\":\"https:\\\/\\\/jmdstracksarl.com\\\/#website\"},\"primaryImageOfPage\":{\"@id\":\"https:\\\/\\\/jmdstracksarl.com\\\/index.php\\\/geolocalisation\\\/#primaryimage\"},\"image\":{\"@id\":\"https:\\\/\\\/jmdstracksarl.com\\\/index.php\\\/geolocalisation\\\/#primaryimage\"},\"thumbnailUrl\":\"https:\\\/\\\/jmdstracksarl.com\\\/wp-content\\\/uploads\\\/2025\\\/11\\\/trac.jpg\",\"datePublished\":\"2025-10-05T11:00:19+00:00\",\"dateModified\":\"2025-11-20T16:04:15+00:00\",\"breadcrumb\":{\"@id\":\"https:\\\/\\\/jmdstracksarl.com\\\/index.php\\\/geolocalisation\\\/#breadcrumb\"},\"inLanguage\":\"en-US\",\"potentialAction\":[{\"@type\":\"ReadAction\",\"target\":[\"https:\\\/\\\/jmdstracksarl.com\\\/index.php\\\/geolocalisation\\\/\"]}]},{\"@type\":\"ImageObject\",\"inLanguage\":\"en-US\",\"@id\":\"https:\\\/\\\/jmdstracksarl.com\\\/index.php\\\/geolocalisation\\\/#primaryimage\",\"url\":\"https:\\\/\\\/jmdstracksarl.com\\\/wp-content\\\/uploads\\\/2025\\\/11\\\/trac.jpg\",\"contentUrl\":\"https:\\\/\\\/jmdstracksarl.com\\\/wp-content\\\/uploads\\\/2025\\\/11\\\/trac.jpg\",\"width\":960,\"height\":604},{\"@type\":\"BreadcrumbList\",\"@id\":\"https:\\\/\\\/jmdstracksarl.com\\\/index.php\\\/geolocalisation\\\/#breadcrumb\",\"itemListElement\":[{\"@type\":\"ListItem\",\"position\":1,\"name\":\"Home\",\"item\":\"https:\\\/\\\/jmdstracksarl.com\\\/\"},{\"@type\":\"ListItem\",\"position\":2,\"name\":\"G\u00e9olocalisation\"}]},{\"@type\":\"WebSite\",\"@id\":\"https:\\\/\\\/jmdstracksarl.com\\\/#website\",\"url\":\"https:\\\/\\\/jmdstracksarl.com\\\/\",\"name\":\"JMDS TRACK Sarl\",\"description\":\"\",\"publisher\":{\"@id\":\"https:\\\/\\\/jmdstracksarl.com\\\/#organization\"},\"potentialAction\":[{\"@type\":\"SearchAction\",\"target\":{\"@type\":\"EntryPoint\",\"urlTemplate\":\"https:\\\/\\\/jmdstracksarl.com\\\/?s={search_term_string}\"},\"query-input\":{\"@type\":\"PropertyValueSpecification\",\"valueRequired\":true,\"valueName\":\"search_term_string\"}}],\"inLanguage\":\"en-US\"},{\"@type\":\"Organization\",\"@id\":\"https:\\\/\\\/jmdstracksarl.com\\\/#organization\",\"name\":\"JMDS TRACK Sarl\",\"url\":\"https:\\\/\\\/jmdstracksarl.com\\\/\",\"logo\":{\"@type\":\"ImageObject\",\"inLanguage\":\"en-US\",\"@id\":\"https:\\\/\\\/jmdstracksarl.com\\\/#\\\/schema\\\/logo\\\/image\\\/\",\"url\":\"https:\\\/\\\/jmdstracksarl.com\\\/wp-content\\\/uploads\\\/2025\\\/09\\\/Logo.jpg\",\"contentUrl\":\"https:\\\/\\\/jmdstracksarl.com\\\/wp-content\\\/uploads\\\/2025\\\/09\\\/Logo.jpg\",\"width\":337,\"height\":200,\"caption\":\"JMDS TRACK Sarl\"},\"image\":{\"@id\":\"https:\\\/\\\/jmdstracksarl.com\\\/#\\\/schema\\\/logo\\\/image\\\/\"}}]}<\/script>\n<!-- \/ Yoast SEO plugin. -->","yoast_head_json":{"title":"G\u00e9olocalisation - JMDS TRACK Sarl","robots":{"index":"index","follow":"follow","max-snippet":"max-snippet:-1","max-image-preview":"max-image-preview:large","max-video-preview":"max-video-preview:-1"},"canonical":"https:\/\/jmdstracksarl.com\/index.php\/geolocalisation\/","og_locale":"en_US","og_type":"article","og_title":"G\u00e9olocalisation - JMDS TRACK Sarl","og_description":"En terme de Geolocalisation nous proposons les services suivant: Gestion de la flotte de v\u00e9hicules Gestion de plusieurs v\u00e9hicules dans la flotte en passant par la limitation de vitesse, programmation d\u2019entretien kilom\u00e9trique avec cr\u00e9ation d\u2019\u00e9v\u00e8nements. Tracking avec vid\u00e9o&nbsp;surveillance&nbsp; Contr\u00f4le et suivie \/ monitoring des chauffeurs et v\u00e9hicules par vid\u00e9o surveillance et le suivi en temps [&hellip;]","og_url":"https:\/\/jmdstracksarl.com\/index.php\/geolocalisation\/","og_site_name":"JMDS TRACK Sarl","article_modified_time":"2025-11-20T16:04:15+00:00","og_image":[{"width":960,"height":604,"url":"https:\/\/jmdstracksarl.com\/wp-content\/uploads\/2025\/11\/trac.jpg","type":"image\/jpeg"}],"twitter_card":"summary_large_image","twitter_misc":{"Est. reading time":"2 minutes"},"schema":{"@context":"https:\/\/schema.org","@graph":[{"@type":"WebPage","@id":"https:\/\/jmdstracksarl.com\/index.php\/geolocalisation\/","url":"https:\/\/jmdstracksarl.com\/index.php\/geolocalisation\/","name":"G\u00e9olocalisation - JMDS TRACK Sarl","isPartOf":{"@id":"https:\/\/jmdstracksarl.com\/#website"},"primaryImageOfPage":{"@id":"https:\/\/jmdstracksarl.com\/index.php\/geolocalisation\/#primaryimage"},"image":{"@id":"https:\/\/jmdstracksarl.com\/index.php\/geolocalisation\/#primaryimage"},"thumbnailUrl":"https:\/\/jmdstracksarl.com\/wp-content\/uploads\/2025\/11\/trac.jpg","datePublished":"2025-10-05T11:00:19+00:00","dateModified":"2025-11-20T16:04:15+00:00","breadcrumb":{"@id":"https:\/\/jmdstracksarl.com\/index.php\/geolocalisation\/#breadcrumb"},"inLanguage":"en-US","potentialAction":[{"@type":"ReadAction","target":["https:\/\/jmdstracksarl.com\/index.php\/geolocalisation\/"]}]},{"@type":"ImageObject","inLanguage":"en-US","@id":"https:\/\/jmdstracksarl.com\/index.php\/geolocalisation\/#primaryimage","url":"https:\/\/jmdstracksarl.com\/wp-content\/uploads\/2025\/11\/trac.jpg","contentUrl":"https:\/\/jmdstracksarl.com\/wp-content\/uploads\/2025\/11\/trac.jpg","width":960,"height":604},{"@type":"BreadcrumbList","@id":"https:\/\/jmdstracksarl.com\/index.php\/geolocalisation\/#breadcrumb","itemListElement":[{"@type":"ListItem","position":1,"name":"Home","item":"https:\/\/jmdstracksarl.com\/"},{"@type":"ListItem","position":2,"name":"G\u00e9olocalisation"}]},{"@type":"WebSite","@id":"https:\/\/jmdstracksarl.com\/#website","url":"https:\/\/jmdstracksarl.com\/","name":"JMDS TRACK Sarl","description":"","publisher":{"@id":"https:\/\/jmdstracksarl.com\/#organization"},"potentialAction":[{"@type":"SearchAction","target":{"@type":"EntryPoint","urlTemplate":"https:\/\/jmdstracksarl.com\/?s={search_term_string}"},"query-input":{"@type":"PropertyValueSpecification","valueRequired":true,"valueName":"search_term_string"}}],"inLanguage":"en-US"},{"@type":"Organization","@id":"https:\/\/jmdstracksarl.com\/#organization","name":"JMDS TRACK Sarl","url":"https:\/\/jmdstracksarl.com\/","logo":{"@type":"ImageObject","inLanguage":"en-US","@id":"https:\/\/jmdstracksarl.com\/#\/schema\/logo\/image\/","url":"https:\/\/jmdstracksarl.com\/wp-content\/uploads\/2025\/09\/Logo.jpg","contentUrl":"https:\/\/jmdstracksarl.com\/wp-content\/uploads\/2025\/09\/Logo.jpg","width":337,"height":200,"caption":"JMDS TRACK Sarl"},"image":{"@id":"https:\/\/jmdstracksarl.com\/#\/schema\/logo\/image\/"}}]}},"_links":{"self":[{"href":"https:\/\/jmdstracksarl.com\/index.php\/wp-json\/wp\/v2\/pages\/115","targetHints":{"allow":["GET"]}}],"collection":[{"href":"https:\/\/jmdstracksarl.com\/index.php\/wp-json\/wp\/v2\/pages"}],"about":[{"href":"https:\/\/jmdstracksarl.com\/index.php\/wp-json\/wp\/v2\/types\/page"}],"author":[{"embeddable":true,"href":"https:\/\/jmdstracksarl.com\/index.php\/wp-json\/wp\/v2\/users\/1"}],"replies":[{"embeddable":true,"href":"https:\/\/jmdstracksarl.com\/index.php\/wp-json\/wp\/v2\/comments?post=115"}],"version-history":[{"count":5,"href":"https:\/\/jmdstracksarl.com\/index.php\/wp-json\/wp\/v2\/pages\/115\/revisions"}],"predecessor-version":[{"id":376,"href":"https:\/\/jmdstracksarl.com\/index.php\/wp-json\/wp\/v2\/pages\/115\/revisions\/376"}],"wp:attachment":[{"href":"https:\/\/jmdstracksarl.com\/index.php\/wp-json\/wp\/v2\/media?parent=115"}],"curies":[{"name":"wp","href":"https:\/\/api.w.org\/{rel}","templated":true}]}}