{"id":119,"date":"2025-10-05T11:01:54","date_gmt":"2025-10-05T11:01:54","guid":{"rendered":"https:\/\/jmdstracksarl.com\/?page_id=119"},"modified":"2025-11-18T13:53:30","modified_gmt":"2025-11-18T13:53:30","slug":"gestion-de-flottes","status":"publish","type":"page","link":"https:\/\/jmdstracksarl.com\/index.php\/gestion-de-flottes\/","title":{"rendered":"Gestion de Flottes"},"content":{"rendered":"\n<div class=\"wp-block-group wow animate__animated animate__fadeInUp has-global-padding is-layout-constrained wp-container-core-group-is-layout-9a123905 wp-block-group-is-layout-constrained\" style=\"margin-top:0;margin-bottom:0;padding-top:var(--wp--preset--spacing--50);padding-bottom:var(--wp--preset--spacing--50)\">\n<div class=\"wp-block-columns are-vertically-aligned-center is-layout-flex wp-container-core-columns-is-layout-7fc3d43a wp-block-columns-is-layout-flex\">\n<div class=\"wp-block-column is-vertically-aligned-center wow animate__animated animate__fadeInUp is-layout-flow wp-block-column-is-layout-flow\" style=\"flex-basis:45%\">\n<div class=\"wp-block-group has-global-padding is-content-justification-left is-layout-constrained wp-container-core-group-is-layout-6769ef31 wp-block-group-is-layout-constrained\" style=\"margin-top:0;margin-bottom:0;padding-top:0;padding-bottom:0\">\n<p class=\"has-text-align-left has-primary-color has-text-color has-link-color has-medium-font-size wp-elements-ad5094b4c9eef18d785966ebab714972\" style=\"margin-top:0;margin-bottom:0\">Des solutions num\u00e9riques avanc\u00e9es pour g\u00e9rer efficacement une flotte de v\u00e9hicules et la rendre simple, intelligente et durable.<\/p>\n\n\n\n<p class=\"has-primary-color has-text-color has-link-color has-medium-font-size wp-elements-1c8b790ecc0e019226094a001bf9bbba\" style=\"margin-top:0;margin-bottom:0\">Ma\u00eetrise des co\u00fbts, efficacit\u00e9 op\u00e9rationnelle, s\u00e9curit\u00e9 des personnes et des v\u00e9hicules, gestion de carburant, respect des r\u00e9glementations de l\u2019entreprise. Tels sont les cinq principaux objectifs des gestionnaires qui souhaitent am\u00e9liorer les performances de leur flotte.<\/p>\n\n\n\n<p class=\"has-primary-color has-text-color has-link-color wp-elements-5eb10dc7be84883b1692e00a7e00df45\" style=\"margin-top:0;margin-bottom:0\">B\u00e9n\u00e9ficiez des avantages du premier fournisseur de solutions de gestion de flotte. Am\u00e9liorez la s\u00e9curit\u00e9 et l\u2019efficacit\u00e9 des conducteurs et des v\u00e9hicules, prenez des d\u00e9cisions \u00e9clair\u00e9es et assurez une affectation appropri\u00e9e des ressources de la flotte. Les solutions de gestion de flotte de JMDS Sarl fournissent des informations utiles et un suivi en direct pour mettre en \u00e9vidence les inefficacit\u00e9s et r\u00e9duire les temps d\u2019arr\u00eat des v\u00e9hicules, tout en minimisant les co\u00fbts et en pr\u00e9servant la valeur de la flotte.<\/p>\n<\/div>\n<\/div>\n\n\n\n<div class=\"wp-block-column is-vertically-aligned-center wow animate__animated animate__fadeInUp is-layout-flow wp-block-column-is-layout-flow\">\n<figure class=\"wp-block-image size-medium is-resized has-custom-border\"><img fetchpriority=\"high\" decoding=\"async\" width=\"300\" height=\"191\" src=\"https:\/\/jmdstracksarl.com\/wp-content\/uploads\/2025\/11\/images-300x191.webp\" alt=\"\" class=\"wp-image-244\" style=\"border-radius:8px;width:700px\" srcset=\"https:\/\/jmdstracksarl.com\/wp-content\/uploads\/2025\/11\/images-300x191.webp 300w, https:\/\/jmdstracksarl.com\/wp-content\/uploads\/2025\/11\/images.webp 694w\" sizes=\"(max-width: 300px) 100vw, 300px\" \/><\/figure>\n<\/div>\n<\/div>\n<\/div>\n\n\n\n<figure class=\"wp-block-image size-full is-resized\"><img decoding=\"async\" width=\"936\" height=\"500\" src=\"https:\/\/jmdstracksarl.com\/wp-content\/uploads\/2025\/11\/8bf2-Quest-ce-que-la-gestion-de-flotte.jpg\" alt=\"\" class=\"wp-image-247\" style=\"width:2000px\" srcset=\"https:\/\/jmdstracksarl.com\/wp-content\/uploads\/2025\/11\/8bf2-Quest-ce-que-la-gestion-de-flotte.jpg 936w, https:\/\/jmdstracksarl.com\/wp-content\/uploads\/2025\/11\/8bf2-Quest-ce-que-la-gestion-de-flotte-300x160.jpg 300w, https:\/\/jmdstracksarl.com\/wp-content\/uploads\/2025\/11\/8bf2-Quest-ce-que-la-gestion-de-flotte-768x410.jpg 768w\" sizes=\"(max-width: 936px) 100vw, 936px\" \/><\/figure>\n\n\n\n<p><\/p>\n","protected":false},"excerpt":{"rendered":"<p>Des solutions num\u00e9riques avanc\u00e9es pour g\u00e9rer efficacement une flotte de v\u00e9hicules et la rendre simple, intelligente et durable. Ma\u00eetrise des co\u00fbts, efficacit\u00e9 op\u00e9rationnelle, s\u00e9curit\u00e9 des personnes et des v\u00e9hicules, gestion de carburant, respect des r\u00e9glementations de l\u2019entreprise. Tels sont les cinq principaux objectifs des gestionnaires qui souhaitent am\u00e9liorer les performances de leur flotte. B\u00e9n\u00e9ficiez des [&hellip;]<\/p>\n","protected":false},"author":1,"featured_media":0,"parent":0,"menu_order":0,"comment_status":"closed","ping_status":"closed","template":"","meta":{"footnotes":""},"class_list":["post-119","page","type-page","status-publish","hentry"],"yoast_head":"<!-- This site is optimized with the Yoast SEO plugin v27.4 - https:\/\/yoast.com\/product\/yoast-seo-wordpress\/ -->\n<title>Gestion de Flottes - JMDS TRACK Sarl<\/title>\n<meta name=\"robots\" content=\"index, follow, max-snippet:-1, max-image-preview:large, max-video-preview:-1\" \/>\n<link rel=\"canonical\" href=\"https:\/\/jmdstracksarl.com\/index.php\/gestion-de-flottes\/\" \/>\n<meta property=\"og:locale\" content=\"en_US\" \/>\n<meta property=\"og:type\" content=\"article\" \/>\n<meta property=\"og:title\" content=\"Gestion de Flottes - JMDS TRACK Sarl\" \/>\n<meta property=\"og:description\" content=\"Des solutions num\u00e9riques avanc\u00e9es pour g\u00e9rer efficacement une flotte de v\u00e9hicules et la rendre simple, intelligente et durable. Ma\u00eetrise des co\u00fbts, efficacit\u00e9 op\u00e9rationnelle, s\u00e9curit\u00e9 des personnes et des v\u00e9hicules, gestion de carburant, respect des r\u00e9glementations de l\u2019entreprise. Tels sont les cinq principaux objectifs des gestionnaires qui souhaitent am\u00e9liorer les performances de leur flotte. B\u00e9n\u00e9ficiez des [&hellip;]\" \/>\n<meta property=\"og:url\" content=\"https:\/\/jmdstracksarl.com\/index.php\/gestion-de-flottes\/\" \/>\n<meta property=\"og:site_name\" content=\"JMDS TRACK Sarl\" \/>\n<meta property=\"article:modified_time\" content=\"2025-11-18T13:53:30+00:00\" \/>\n<meta property=\"og:image\" content=\"https:\/\/jmdstracksarl.com\/wp-content\/uploads\/2025\/11\/images.webp\" \/>\n\t<meta property=\"og:image:width\" content=\"694\" \/>\n\t<meta property=\"og:image:height\" content=\"442\" \/>\n\t<meta property=\"og:image:type\" content=\"image\/webp\" \/>\n<meta name=\"twitter:card\" content=\"summary_large_image\" \/>\n<meta name=\"twitter:label1\" content=\"Est. reading time\" \/>\n\t<meta name=\"twitter:data1\" content=\"1 minute\" \/>\n<script type=\"application\/ld+json\" class=\"yoast-schema-graph\">{\"@context\":\"https:\\\/\\\/schema.org\",\"@graph\":[{\"@type\":\"WebPage\",\"@id\":\"https:\\\/\\\/jmdstracksarl.com\\\/index.php\\\/gestion-de-flottes\\\/\",\"url\":\"https:\\\/\\\/jmdstracksarl.com\\\/index.php\\\/gestion-de-flottes\\\/\",\"name\":\"Gestion de Flottes - JMDS TRACK Sarl\",\"isPartOf\":{\"@id\":\"https:\\\/\\\/jmdstracksarl.com\\\/#website\"},\"primaryImageOfPage\":{\"@id\":\"https:\\\/\\\/jmdstracksarl.com\\\/index.php\\\/gestion-de-flottes\\\/#primaryimage\"},\"image\":{\"@id\":\"https:\\\/\\\/jmdstracksarl.com\\\/index.php\\\/gestion-de-flottes\\\/#primaryimage\"},\"thumbnailUrl\":\"https:\\\/\\\/jmdstracksarl.com\\\/wp-content\\\/uploads\\\/2025\\\/11\\\/images-300x191.webp\",\"datePublished\":\"2025-10-05T11:01:54+00:00\",\"dateModified\":\"2025-11-18T13:53:30+00:00\",\"breadcrumb\":{\"@id\":\"https:\\\/\\\/jmdstracksarl.com\\\/index.php\\\/gestion-de-flottes\\\/#breadcrumb\"},\"inLanguage\":\"en-US\",\"potentialAction\":[{\"@type\":\"ReadAction\",\"target\":[\"https:\\\/\\\/jmdstracksarl.com\\\/index.php\\\/gestion-de-flottes\\\/\"]}]},{\"@type\":\"ImageObject\",\"inLanguage\":\"en-US\",\"@id\":\"https:\\\/\\\/jmdstracksarl.com\\\/index.php\\\/gestion-de-flottes\\\/#primaryimage\",\"url\":\"https:\\\/\\\/jmdstracksarl.com\\\/wp-content\\\/uploads\\\/2025\\\/11\\\/images.webp\",\"contentUrl\":\"https:\\\/\\\/jmdstracksarl.com\\\/wp-content\\\/uploads\\\/2025\\\/11\\\/images.webp\",\"width\":694,\"height\":442},{\"@type\":\"BreadcrumbList\",\"@id\":\"https:\\\/\\\/jmdstracksarl.com\\\/index.php\\\/gestion-de-flottes\\\/#breadcrumb\",\"itemListElement\":[{\"@type\":\"ListItem\",\"position\":1,\"name\":\"Home\",\"item\":\"https:\\\/\\\/jmdstracksarl.com\\\/\"},{\"@type\":\"ListItem\",\"position\":2,\"name\":\"Gestion de Flottes\"}]},{\"@type\":\"WebSite\",\"@id\":\"https:\\\/\\\/jmdstracksarl.com\\\/#website\",\"url\":\"https:\\\/\\\/jmdstracksarl.com\\\/\",\"name\":\"JMDS TRACK Sarl\",\"description\":\"\",\"publisher\":{\"@id\":\"https:\\\/\\\/jmdstracksarl.com\\\/#organization\"},\"potentialAction\":[{\"@type\":\"SearchAction\",\"target\":{\"@type\":\"EntryPoint\",\"urlTemplate\":\"https:\\\/\\\/jmdstracksarl.com\\\/?s={search_term_string}\"},\"query-input\":{\"@type\":\"PropertyValueSpecification\",\"valueRequired\":true,\"valueName\":\"search_term_string\"}}],\"inLanguage\":\"en-US\"},{\"@type\":\"Organization\",\"@id\":\"https:\\\/\\\/jmdstracksarl.com\\\/#organization\",\"name\":\"JMDS TRACK Sarl\",\"url\":\"https:\\\/\\\/jmdstracksarl.com\\\/\",\"logo\":{\"@type\":\"ImageObject\",\"inLanguage\":\"en-US\",\"@id\":\"https:\\\/\\\/jmdstracksarl.com\\\/#\\\/schema\\\/logo\\\/image\\\/\",\"url\":\"https:\\\/\\\/jmdstracksarl.com\\\/wp-content\\\/uploads\\\/2025\\\/09\\\/Logo.jpg\",\"contentUrl\":\"https:\\\/\\\/jmdstracksarl.com\\\/wp-content\\\/uploads\\\/2025\\\/09\\\/Logo.jpg\",\"width\":337,\"height\":200,\"caption\":\"JMDS TRACK Sarl\"},\"image\":{\"@id\":\"https:\\\/\\\/jmdstracksarl.com\\\/#\\\/schema\\\/logo\\\/image\\\/\"}}]}<\/script>\n<!-- \/ Yoast SEO plugin. -->","yoast_head_json":{"title":"Gestion de Flottes - JMDS TRACK Sarl","robots":{"index":"index","follow":"follow","max-snippet":"max-snippet:-1","max-image-preview":"max-image-preview:large","max-video-preview":"max-video-preview:-1"},"canonical":"https:\/\/jmdstracksarl.com\/index.php\/gestion-de-flottes\/","og_locale":"en_US","og_type":"article","og_title":"Gestion de Flottes - JMDS TRACK Sarl","og_description":"Des solutions num\u00e9riques avanc\u00e9es pour g\u00e9rer efficacement une flotte de v\u00e9hicules et la rendre simple, intelligente et durable. Ma\u00eetrise des co\u00fbts, efficacit\u00e9 op\u00e9rationnelle, s\u00e9curit\u00e9 des personnes et des v\u00e9hicules, gestion de carburant, respect des r\u00e9glementations de l\u2019entreprise. Tels sont les cinq principaux objectifs des gestionnaires qui souhaitent am\u00e9liorer les performances de leur flotte. B\u00e9n\u00e9ficiez des [&hellip;]","og_url":"https:\/\/jmdstracksarl.com\/index.php\/gestion-de-flottes\/","og_site_name":"JMDS TRACK Sarl","article_modified_time":"2025-11-18T13:53:30+00:00","og_image":[{"width":694,"height":442,"url":"https:\/\/jmdstracksarl.com\/wp-content\/uploads\/2025\/11\/images.webp","type":"image\/webp"}],"twitter_card":"summary_large_image","twitter_misc":{"Est. reading time":"1 minute"},"schema":{"@context":"https:\/\/schema.org","@graph":[{"@type":"WebPage","@id":"https:\/\/jmdstracksarl.com\/index.php\/gestion-de-flottes\/","url":"https:\/\/jmdstracksarl.com\/index.php\/gestion-de-flottes\/","name":"Gestion de Flottes - JMDS TRACK Sarl","isPartOf":{"@id":"https:\/\/jmdstracksarl.com\/#website"},"primaryImageOfPage":{"@id":"https:\/\/jmdstracksarl.com\/index.php\/gestion-de-flottes\/#primaryimage"},"image":{"@id":"https:\/\/jmdstracksarl.com\/index.php\/gestion-de-flottes\/#primaryimage"},"thumbnailUrl":"https:\/\/jmdstracksarl.com\/wp-content\/uploads\/2025\/11\/images-300x191.webp","datePublished":"2025-10-05T11:01:54+00:00","dateModified":"2025-11-18T13:53:30+00:00","breadcrumb":{"@id":"https:\/\/jmdstracksarl.com\/index.php\/gestion-de-flottes\/#breadcrumb"},"inLanguage":"en-US","potentialAction":[{"@type":"ReadAction","target":["https:\/\/jmdstracksarl.com\/index.php\/gestion-de-flottes\/"]}]},{"@type":"ImageObject","inLanguage":"en-US","@id":"https:\/\/jmdstracksarl.com\/index.php\/gestion-de-flottes\/#primaryimage","url":"https:\/\/jmdstracksarl.com\/wp-content\/uploads\/2025\/11\/images.webp","contentUrl":"https:\/\/jmdstracksarl.com\/wp-content\/uploads\/2025\/11\/images.webp","width":694,"height":442},{"@type":"BreadcrumbList","@id":"https:\/\/jmdstracksarl.com\/index.php\/gestion-de-flottes\/#breadcrumb","itemListElement":[{"@type":"ListItem","position":1,"name":"Home","item":"https:\/\/jmdstracksarl.com\/"},{"@type":"ListItem","position":2,"name":"Gestion de Flottes"}]},{"@type":"WebSite","@id":"https:\/\/jmdstracksarl.com\/#website","url":"https:\/\/jmdstracksarl.com\/","name":"JMDS TRACK Sarl","description":"","publisher":{"@id":"https:\/\/jmdstracksarl.com\/#organization"},"potentialAction":[{"@type":"SearchAction","target":{"@type":"EntryPoint","urlTemplate":"https:\/\/jmdstracksarl.com\/?s={search_term_string}"},"query-input":{"@type":"PropertyValueSpecification","valueRequired":true,"valueName":"search_term_string"}}],"inLanguage":"en-US"},{"@type":"Organization","@id":"https:\/\/jmdstracksarl.com\/#organization","name":"JMDS TRACK Sarl","url":"https:\/\/jmdstracksarl.com\/","logo":{"@type":"ImageObject","inLanguage":"en-US","@id":"https:\/\/jmdstracksarl.com\/#\/schema\/logo\/image\/","url":"https:\/\/jmdstracksarl.com\/wp-content\/uploads\/2025\/09\/Logo.jpg","contentUrl":"https:\/\/jmdstracksarl.com\/wp-content\/uploads\/2025\/09\/Logo.jpg","width":337,"height":200,"caption":"JMDS TRACK Sarl"},"image":{"@id":"https:\/\/jmdstracksarl.com\/#\/schema\/logo\/image\/"}}]}},"_links":{"self":[{"href":"https:\/\/jmdstracksarl.com\/index.php\/wp-json\/wp\/v2\/pages\/119","targetHints":{"allow":["GET"]}}],"collection":[{"href":"https:\/\/jmdstracksarl.com\/index.php\/wp-json\/wp\/v2\/pages"}],"about":[{"href":"https:\/\/jmdstracksarl.com\/index.php\/wp-json\/wp\/v2\/types\/page"}],"author":[{"embeddable":true,"href":"https:\/\/jmdstracksarl.com\/index.php\/wp-json\/wp\/v2\/users\/1"}],"replies":[{"embeddable":true,"href":"https:\/\/jmdstracksarl.com\/index.php\/wp-json\/wp\/v2\/comments?post=119"}],"version-history":[{"count":5,"href":"https:\/\/jmdstracksarl.com\/index.php\/wp-json\/wp\/v2\/pages\/119\/revisions"}],"predecessor-version":[{"id":253,"href":"https:\/\/jmdstracksarl.com\/index.php\/wp-json\/wp\/v2\/pages\/119\/revisions\/253"}],"wp:attachment":[{"href":"https:\/\/jmdstracksarl.com\/index.php\/wp-json\/wp\/v2\/media?parent=119"}],"curies":[{"name":"wp","href":"https:\/\/api.w.org\/{rel}","templated":true}]}}