{"id":125,"date":"2025-10-05T11:05:18","date_gmt":"2025-10-05T11:05:18","guid":{"rendered":"https:\/\/jmdstracksarl.com\/?page_id=125"},"modified":"2025-10-09T23:05:56","modified_gmt":"2025-10-09T23:05:56","slug":"rex-clients","status":"publish","type":"page","link":"https:\/\/jmdstracksarl.com\/index.php\/rex-clients\/","title":{"rendered":"Retours d&#8217;Exp\u00e9rience Clients"},"content":{"rendered":"\n<p><\/p>\n\n\n\n<p><strong>\ud83c\udf0d Ils nous font confiance<\/strong><\/p>\n\n\n\n<p>Chez JMDS TRACK, la satisfaction de nos clients est au c\u0153ur de notre mission. Nos solutions de g\u00e9olocalisation et de s\u00e9curit\u00e9 accompagnent chaque jour des institutions publiques et des entreprises priv\u00e9es dans le suivi de leurs v\u00e9hicules, la ma\u00eetrise de leurs op\u00e9rations et la r\u00e9duction des risques.<br>D\u00e9couvrez ce qu\u2019ils disent de nous \ud83d\udc47<\/p>\n\n\n\n<p><\/p>\n\n\n\n<p><strong>\u2b50 T\u00e9moignages clients<\/strong><\/p>\n\n\n\n<p><\/p>\n\n\n\t\t    <div  id=gutentools-testimonial-block-2ebc375b-93b1-4a31-b7d1-e4ffa3c0bd13 >\r\n\t\t\t\t<div class=\"gutentools-align-center gutentools-testimonial-wrapper\">\t\r\n\t\t\t\t\t\t\t\t\t\r\n\t\t\t\t\t\t<div class=\"gutentools-testimonial-image\">\r\n\t\t\t\t\t\t\t<img fetchpriority=\"high\" decoding=\"async\" width=\"1006\" height=\"1035\" src=\"https:\/\/jmdstracksarl.com\/wp-content\/uploads\/2025\/10\/client_kribi.jpg\" class=\"attachment-full size-full\" alt=\"\" srcset=\"https:\/\/jmdstracksarl.com\/wp-content\/uploads\/2025\/10\/client_kribi.jpg 1006w, https:\/\/jmdstracksarl.com\/wp-content\/uploads\/2025\/10\/client_kribi-292x300.jpg 292w, https:\/\/jmdstracksarl.com\/wp-content\/uploads\/2025\/10\/client_kribi-995x1024.jpg 995w, https:\/\/jmdstracksarl.com\/wp-content\/uploads\/2025\/10\/client_kribi-768x790.jpg 768w\" sizes=\"(max-width: 1006px) 100vw, 1006px\" \/>\t\t\t\t\t\t<\/div>\r\n\t\t\t\t\t\t\t\t\t\t<div class=\"gutentools-testimonial-content\">\r\n\t\t\t\t\t\t<div class=\"gutentools-name-and-position\">\r\n\t\t\t\t\t\t\t\t\r\n\t\t\t\t\t\t\t\t<h3 class=\"gutentools-testimonial-name\">Port Autonome de Kribi (PAK)<\/h3>\r\n\t\t\t\t\t\t\t\t\t\t\t\t\t\t\t\r\n\t\t\t\t\t\t\t\t<p class=\"gutentools-testimonial-position\">\u2014 PAK<\/p>\r\n\t\t\t\t\t\t\t\t\t\t\t\t\t<\/div>\r\n\t\t\t\t\t<\/div>\r\n\t\t\t\t\t\t\r\n\t\t\t\t\t\t\n\t\t    <div id=\"gutentools-icon-box-block-e9bf7270-2158-49ec-81c1-47583fc27a93\">\r\n\t\t\t\t\t\t\t\t\r\n\t\t\t\t<div class=\"gutentools-align-center gutentools-star-rating\">\r\n\t\t\t\t\t<i class=\"fa fa-star\"><\/i><i class=\"fa fa-star\"><\/i><i class=\"fa fa-star\"><\/i><i class=\"fa fa-star\"><\/i><i class=\"fa-regular fa-star-half-stroke\"><\/i>\t\t\t\t<\/div>\t\t\t\t\r\n\t\t    <\/div>\r\n\t\t    \n\t\t\t\t\t\t\t\t\t\t<div class=\"gutentools-testimonial-text-wrapper\">\r\n\r\n\t\t\t\t\t\t\t\r\n\t\t\t\t\t\t\t<i class=\"fa-solid fa-quote-left\"><\/i>\t\t\t\t\t\t\t\r\n\t\t\t\t\t\t\r\n\t\t\t\t\t\t\t\r\n\t\t\t\t\t\t\t<p class=\"gutentools-testimonial-text\">\u201cNous avons choisi JMDS TRACK pour renforcer la s\u00e9curit\u00e9 et le suivi des v\u00e9hicules de notre flotte. L\u2019\u00e9quipe technique s\u2019est montr\u00e9e r\u00e9active et efficace. Les rapports de trajet et d\u2019activit\u00e9 nous permettent un contr\u00f4le optimal de nos ressources.\u201d&lt;br&gt;<\/p>\t\t\t\t\t\t\r\n\t\t\t\t\t\t\r\n\t\t\t\t\t\t\t\r\n\t\t\t\t\t\t\t<i class=\"fa-solid fa-quote-right\"><\/i>\t\t\t\t\t\t\t\r\n\t\t\t\t\t\t\r\n\t\t\t\t\t<\/div>\r\n\t\t\t\t<\/div>\t\t\t\t\r\n\t\t    <\/div>\r\n\t\t    \n\n\n<p><\/p>\n\n\n\t\t    <div  id=gutentools-testimonial-block-c0871437-5efc-40e4-8669-71f6f8fdb374 >\r\n\t\t\t\t<div class=\"gutentools-align-center gutentools-testimonial-wrapper\">\t\r\n\t\t\t\t\t\t\t\t\t\r\n\t\t\t\t\t\t<div class=\"gutentools-testimonial-image\">\r\n\t\t\t\t\t\t\t<img decoding=\"async\" width=\"1006\" height=\"1035\" src=\"https:\/\/jmdstracksarl.com\/wp-content\/uploads\/2025\/09\/p01-1.jpg\" class=\"attachment-full size-full\" alt=\"\" srcset=\"https:\/\/jmdstracksarl.com\/wp-content\/uploads\/2025\/09\/p01-1.jpg 1006w, https:\/\/jmdstracksarl.com\/wp-content\/uploads\/2025\/09\/p01-1-292x300.jpg 292w, https:\/\/jmdstracksarl.com\/wp-content\/uploads\/2025\/09\/p01-1-995x1024.jpg 995w, https:\/\/jmdstracksarl.com\/wp-content\/uploads\/2025\/09\/p01-1-768x790.jpg 768w\" sizes=\"(max-width: 1006px) 100vw, 1006px\" \/>\t\t\t\t\t\t<\/div>\r\n\t\t\t\t\t\t\t\t\t\t<div class=\"gutentools-testimonial-content\">\r\n\t\t\t\t\t\t<div class=\"gutentools-name-and-position\">\r\n\t\t\t\t\t\t\t\t\r\n\t\t\t\t\t\t\t\t<h3 class=\"gutentools-testimonial-name\">Atlantic Cocoa<\/h3>\r\n\t\t\t\t\t\t\t\t\t\t\t\t\t\t\t\r\n\t\t\t\t\t\t\t\t<p class=\"gutentools-testimonial-position\">\u2014 ACC<\/p>\r\n\t\t\t\t\t\t\t\t\t\t\t\t\t<\/div>\r\n\t\t\t\t\t<\/div>\r\n\t\t\t\t\t\t\r\n\t\t\t\t\t\t\n\t\t    <div id=\"gutentools-icon-box-block-b484f0e8-b9ad-4606-a148-0e17ad5c2b74\">\r\n\t\t\t\t\t\t\t\t\r\n\t\t\t\t<div class=\"gutentools-align-center gutentools-star-rating\">\r\n\t\t\t\t\t<i class=\"fa fa-star\"><\/i><i class=\"fa fa-star\"><\/i><i class=\"fa fa-star\"><\/i><i class=\"fa fa-star\"><\/i><i class=\"fa-regular fa-star-half-stroke\"><\/i>\t\t\t\t<\/div>\t\t\t\t\r\n\t\t    <\/div>\r\n\t\t    \n\t\t\t\t\t\t\t\t\t\t<div class=\"gutentools-testimonial-text-wrapper\">\r\n\r\n\t\t\t\t\t\t\t\r\n\t\t\t\t\t\t\t<i class=\"fa-solid fa-quote-left\"><\/i>\t\t\t\t\t\t\t\r\n\t\t\t\t\t\t\r\n\t\t\t\t\t\t\t\r\n\t\t\t\t\t\t\t<p class=\"gutentools-testimonial-text\">\u201cGr\u00e2ce \u00e0 JMDS TRACK, nous avons d\u00e9sormais une vision en temps r\u00e9el de nos v\u00e9hicules de transport entre Douala , Yaound\u00e9 et Kribi.\u201d&lt;br&gt;<\/p>\t\t\t\t\t\t\r\n\t\t\t\t\t\t\r\n\t\t\t\t\t\t\t\r\n\t\t\t\t\t\t\t<i class=\"fa-solid fa-quote-right\"><\/i>\t\t\t\t\t\t\t\r\n\t\t\t\t\t\t\r\n\t\t\t\t\t<\/div>\r\n\t\t\t\t<\/div>\t\t\t\t\r\n\t\t    <\/div>\r\n\t\t    \n\n\n<p><\/p>\n\n\n\n<p><\/p>\n\n\n\t\t    <div  id=gutentools-testimonial-block-a00ad1bf-d6b9-4f6e-8d49-53338a4378ec >\r\n\t\t\t\t<div class=\"gutentools-align-center gutentools-testimonial-wrapper\">\t\r\n\t\t\t\t\t\t\t\t\t\r\n\t\t\t\t\t\t<div class=\"gutentools-testimonial-image\">\r\n\t\t\t\t\t\t\t<img decoding=\"async\" width=\"1006\" height=\"1035\" src=\"https:\/\/jmdstracksarl.com\/wp-content\/uploads\/2025\/09\/p8-1.jpg\" class=\"attachment-full size-full\" alt=\"\" srcset=\"https:\/\/jmdstracksarl.com\/wp-content\/uploads\/2025\/09\/p8-1.jpg 1006w, https:\/\/jmdstracksarl.com\/wp-content\/uploads\/2025\/09\/p8-1-292x300.jpg 292w, https:\/\/jmdstracksarl.com\/wp-content\/uploads\/2025\/09\/p8-1-995x1024.jpg 995w, https:\/\/jmdstracksarl.com\/wp-content\/uploads\/2025\/09\/p8-1-768x790.jpg 768w\" sizes=\"(max-width: 1006px) 100vw, 1006px\" \/>\t\t\t\t\t\t<\/div>\r\n\t\t\t\t\t\t\t\t\t\t<div class=\"gutentools-testimonial-content\">\r\n\t\t\t\t\t\t<div class=\"gutentools-name-and-position\">\r\n\t\t\t\t\t\t\t\t\r\n\t\t\t\t\t\t\t\t<h3 class=\"gutentools-testimonial-name\">Caisse Nationale de Pr\u00e9voyance Sociale (CNPS)<\/h3>\r\n\t\t\t\t\t\t\t\t\t\t\t\t\t\t\t\r\n\t\t\t\t\t\t\t\t<p class=\"gutentools-testimonial-position\">\u2014 CNPS<\/p>\r\n\t\t\t\t\t\t\t\t\t\t\t\t\t<\/div>\r\n\t\t\t\t\t<\/div>\r\n\t\t\t\t\t\t\r\n\t\t\t\t\t\t\n\t\t    <div id=\"gutentools-icon-box-block-1634f5c5-5c70-45e8-9528-46370fceae90\">\r\n\t\t\t\t\t\t\t\t\r\n\t\t\t\t<div class=\"gutentools-align-center gutentools-star-rating\">\r\n\t\t\t\t\t<i class=\"fa fa-star\"><\/i><i class=\"fa fa-star\"><\/i><i class=\"fa fa-star\"><\/i><i class=\"fa fa-star\"><\/i><i class=\"fa-regular fa-star-half-stroke\"><\/i>\t\t\t\t<\/div>\t\t\t\t\r\n\t\t    <\/div>\r\n\t\t    \n\t\t\t\t\t\t\t\t\t\t<div class=\"gutentools-testimonial-text-wrapper\">\r\n\r\n\t\t\t\t\t\t\t\r\n\t\t\t\t\t\t\t<i class=\"fa-solid fa-quote-left\"><\/i>\t\t\t\t\t\t\t\r\n\t\t\t\t\t\t\r\n\t\t\t\t\t\t\t\r\n\t\t\t\t\t\t\t<p class=\"gutentools-testimonial-text\">\u201cJMDS TRACK nous accompagne dans le suivi de notre flotte administrative et la ma\u00eetrise des co\u00fbts de d\u00e9placement. Les rapports automatiques et la pr\u00e9cision du tracking facilitent la gestion quotidienne et la transparence des missions.\u201d&lt;br&gt;<\/p>\t\t\t\t\t\t\r\n\t\t\t\t\t\t\r\n\t\t\t\t\t\t\t\r\n\t\t\t\t\t\t\t<i class=\"fa-solid fa-quote-right\"><\/i>\t\t\t\t\t\t\t\r\n\t\t\t\t\t\t\r\n\t\t\t\t\t<\/div>\r\n\t\t\t\t<\/div>\t\t\t\t\r\n\t\t    <\/div>\r\n\t\t    \n\n\n<p><\/p>\n\n\n\t\t    <div  id=gutentools-testimonial-block-dbe5ed57-a094-4fa2-93d3-a7ddb2900d13 >\r\n\t\t\t\t<div class=\"gutentools-align-center gutentools-testimonial-wrapper\">\t\r\n\t\t\t\t\t\t\t\t\t\r\n\t\t\t\t\t\t<div class=\"gutentools-testimonial-image\">\r\n\t\t\t\t\t\t\t<img loading=\"lazy\" decoding=\"async\" width=\"1006\" height=\"1035\" src=\"https:\/\/jmdstracksarl.com\/wp-content\/uploads\/2025\/09\/p5-2.jpg\" class=\"attachment-full size-full\" alt=\"\" srcset=\"https:\/\/jmdstracksarl.com\/wp-content\/uploads\/2025\/09\/p5-2.jpg 1006w, https:\/\/jmdstracksarl.com\/wp-content\/uploads\/2025\/09\/p5-2-292x300.jpg 292w, https:\/\/jmdstracksarl.com\/wp-content\/uploads\/2025\/09\/p5-2-995x1024.jpg 995w, https:\/\/jmdstracksarl.com\/wp-content\/uploads\/2025\/09\/p5-2-768x790.jpg 768w\" sizes=\"(max-width: 1006px) 100vw, 1006px\" \/>\t\t\t\t\t\t<\/div>\r\n\t\t\t\t\t\t\t\t\t\t<div class=\"gutentools-testimonial-content\">\r\n\t\t\t\t\t\t<div class=\"gutentools-name-and-position\">\r\n\t\t\t\t\t\t\t\t\r\n\t\t\t\t\t\t\t\t<h3 class=\"gutentools-testimonial-name\">Douanes Camerounaises<\/h3>\r\n\t\t\t\t\t\t\t\t\t\t\t\t\t\t\t\r\n\t\t\t\t\t\t\t\t<p class=\"gutentools-testimonial-position\">\u2014 DOUANE<\/p>\r\n\t\t\t\t\t\t\t\t\t\t\t\t\t<\/div>\r\n\t\t\t\t\t<\/div>\r\n\t\t\t\t\t\t\r\n\t\t\t\t\t\t\n\t\t    <div id=\"gutentools-icon-box-block-3853b3e9-5303-4a7d-86ad-b15bcbf9eae5\">\r\n\t\t\t\t\t\t\t\t\r\n\t\t\t\t<div class=\"gutentools-align-center gutentools-star-rating\">\r\n\t\t\t\t\t<i class=\"fa fa-star\"><\/i><i class=\"fa fa-star\"><\/i><i class=\"fa fa-star\"><\/i><i class=\"fa fa-star\"><\/i><i class=\"fa-regular fa-star-half-stroke\"><\/i>\t\t\t\t<\/div>\t\t\t\t\r\n\t\t    <\/div>\r\n\t\t    \n\t\t\t\t\t\t\t\t\t\t<div class=\"gutentools-testimonial-text-wrapper\">\r\n\r\n\t\t\t\t\t\t\t\r\n\t\t\t\t\t\t\t<i class=\"fa-solid fa-quote-left\"><\/i>\t\t\t\t\t\t\t\r\n\t\t\t\t\t\t\r\n\t\t\t\t\t\t\t\r\n\t\t\t\t\t\t\t<p class=\"gutentools-testimonial-text\">\u201cLes solutions de tracking de JMDS TRACK ont renforc\u00e9 notre dispositif de surveillance des marchandises en transit. La plateforme est intuitive, fiable et adapt\u00e9e \u00e0 nos besoins .\u201d&lt;br&gt;<\/p>\t\t\t\t\t\t\r\n\t\t\t\t\t\t\r\n\t\t\t\t\t\t\t\r\n\t\t\t\t\t\t\t<i class=\"fa-solid fa-quote-right\"><\/i>\t\t\t\t\t\t\t\r\n\t\t\t\t\t\t\r\n\t\t\t\t\t<\/div>\r\n\t\t\t\t<\/div>\t\t\t\t\r\n\t\t    <\/div>\r\n\t\t    \n\n\n<p><\/p>\n\n\n\t\t    <div  id=gutentools-testimonial-block-39568539-2053-4f7a-b6d7-d07f6ebdc14b >\r\n\t\t\t\t<div class=\"gutentools-align-center gutentools-testimonial-wrapper\">\t\r\n\t\t\t\t\t\t\t\t\t\r\n\t\t\t\t\t\t<div class=\"gutentools-testimonial-image\">\r\n\t\t\t\t\t\t\t<img loading=\"lazy\" decoding=\"async\" width=\"1006\" height=\"1035\" src=\"https:\/\/jmdstracksarl.com\/wp-content\/uploads\/2025\/09\/p2-1.jpg\" class=\"attachment-full size-full\" alt=\"\" srcset=\"https:\/\/jmdstracksarl.com\/wp-content\/uploads\/2025\/09\/p2-1.jpg 1006w, https:\/\/jmdstracksarl.com\/wp-content\/uploads\/2025\/09\/p2-1-292x300.jpg 292w, https:\/\/jmdstracksarl.com\/wp-content\/uploads\/2025\/09\/p2-1-995x1024.jpg 995w, https:\/\/jmdstracksarl.com\/wp-content\/uploads\/2025\/09\/p2-1-768x790.jpg 768w\" sizes=\"(max-width: 1006px) 100vw, 1006px\" \/>\t\t\t\t\t\t<\/div>\r\n\t\t\t\t\t\t\t\t\t\t<div class=\"gutentools-testimonial-content\">\r\n\t\t\t\t\t\t<div class=\"gutentools-name-and-position\">\r\n\t\t\t\t\t\t\t\t\r\n\t\t\t\t\t\t\t\t<h3 class=\"gutentools-testimonial-name\">Transporteur CIMENCAM<\/h3>\r\n\t\t\t\t\t\t\t\t\t\t\t\t\t\t\t\r\n\t\t\t\t\t\t\t\t<p class=\"gutentools-testimonial-position\">\u2014 CIMENCAM<\/p>\r\n\t\t\t\t\t\t\t\t\t\t\t\t\t<\/div>\r\n\t\t\t\t\t<\/div>\r\n\t\t\t\t\t\t\r\n\t\t\t\t\t\t\n\t\t    <div id=\"gutentools-icon-box-block-eef1b538-f2e5-42be-9fa7-fd1a1fd278c9\">\r\n\t\t\t\t\t\t\t\t\r\n\t\t\t\t<div class=\"gutentools-align-center gutentools-star-rating\">\r\n\t\t\t\t\t<i class=\"fa fa-star\"><\/i><i class=\"fa fa-star\"><\/i><i class=\"fa fa-star\"><\/i><i class=\"fa fa-star\"><\/i><i class=\"fa-regular fa-star-half-stroke\"><\/i>\t\t\t\t<\/div>\t\t\t\t\r\n\t\t    <\/div>\r\n\t\t    \n\t\t\t\t\t\t\t\t\t\t<div class=\"gutentools-testimonial-text-wrapper\">\r\n\r\n\t\t\t\t\t\t\t\r\n\t\t\t\t\t\t\t<i class=\"fa-solid fa-quote-left\"><\/i>\t\t\t\t\t\t\t\r\n\t\t\t\t\t\t\r\n\t\t\t\t\t\t\t\r\n\t\t\t\t\t\t\t<p class=\"gutentools-testimonial-text\">\u201cNous travaillons avec JMDS TRACK depuis plusieurs ann\u00e9es pour le suivi de nos camions de livraison. Le syst\u00e8me a permis d\u2019optimiser les trajets, de r\u00e9duire les retards et d\u2019am\u00e9liorer la s\u00e9curit\u00e9 de nos chauffeurs.\u201d&lt;br&gt;<\/p>\t\t\t\t\t\t\r\n\t\t\t\t\t\t\r\n\t\t\t\t\t\t\t\r\n\t\t\t\t\t\t\t<i class=\"fa-solid fa-quote-right\"><\/i>\t\t\t\t\t\t\t\r\n\t\t\t\t\t\t\r\n\t\t\t\t\t<\/div>\r\n\t\t\t\t<\/div>\t\t\t\t\r\n\t\t    <\/div>\r\n\t\t    \n\n\n<p><\/p>\n\n\n\n<p><\/p>\n\n\n\t\t    <div  id=gutentools-testimonial-block-5f61d00d-1877-47b6-97ff-532fd5e7cd2f >\r\n\t\t\t\t<div class=\"gutentools-align-center gutentools-testimonial-wrapper\">\t\r\n\t\t\t\t\t\t\t\t\t\r\n\t\t\t\t\t\t<div class=\"gutentools-testimonial-image\">\r\n\t\t\t\t\t\t\t<img loading=\"lazy\" decoding=\"async\" width=\"1006\" height=\"1035\" src=\"https:\/\/jmdstracksarl.com\/wp-content\/uploads\/2025\/09\/p02.jpg\" class=\"attachment-full size-full\" alt=\"\" srcset=\"https:\/\/jmdstracksarl.com\/wp-content\/uploads\/2025\/09\/p02.jpg 1006w, https:\/\/jmdstracksarl.com\/wp-content\/uploads\/2025\/09\/p02-292x300.jpg 292w, https:\/\/jmdstracksarl.com\/wp-content\/uploads\/2025\/09\/p02-995x1024.jpg 995w, https:\/\/jmdstracksarl.com\/wp-content\/uploads\/2025\/09\/p02-768x790.jpg 768w\" sizes=\"(max-width: 1006px) 100vw, 1006px\" \/>\t\t\t\t\t\t<\/div>\r\n\t\t\t\t\t\t\t\t\t\t<div class=\"gutentools-testimonial-content\">\r\n\t\t\t\t\t\t<div class=\"gutentools-name-and-position\">\r\n\t\t\t\t\t\t\t\t\r\n\t\t\t\t\t\t\t\t<h3 class=\"gutentools-testimonial-name\"> FODECC (Fonds de D\u00e9veloppement des Cha\u00eenes de Valeur Cacao-Caf\u00e9)<\/h3>\r\n\t\t\t\t\t\t\t\t\t\t\t\t\t\t\t\r\n\t\t\t\t\t\t\t\t<p class=\"gutentools-testimonial-position\">\u2014 FODECC<\/p>\r\n\t\t\t\t\t\t\t\t\t\t\t\t\t<\/div>\r\n\t\t\t\t\t<\/div>\r\n\t\t\t\t\t\t\r\n\t\t\t\t\t\t\n\t\t    <div id=\"gutentools-icon-box-block-48d6e947-905d-4c75-a50c-f2e7ca2a5668\">\r\n\t\t\t\t\t\t\t\t\r\n\t\t\t\t<div class=\"gutentools-align-center gutentools-star-rating\">\r\n\t\t\t\t\t<i class=\"fa fa-star\"><\/i><i class=\"fa fa-star\"><\/i><i class=\"fa fa-star\"><\/i><i class=\"fa fa-star\"><\/i><i class=\"fa-regular fa-star-half-stroke\"><\/i>\t\t\t\t<\/div>\t\t\t\t\r\n\t\t    <\/div>\r\n\t\t    \n\t\t\t\t\t\t\t\t\t\t<div class=\"gutentools-testimonial-text-wrapper\">\r\n\r\n\t\t\t\t\t\t\t\r\n\t\t\t\t\t\t\t<i class=\"fa-solid fa-quote-left\"><\/i>\t\t\t\t\t\t\t\r\n\t\t\t\t\t\t\r\n\t\t\t\t\t\t\t\r\n\t\t\t\t\t\t\t<p class=\"gutentools-testimonial-text\">\u201cLes solutions JMDS TRACK nous ont permis de suivre nos v\u00e9hicules sur le terrain et d\u2019assurer une meilleure coordination de nos missions. L\u2019\u00e9quipe est disponible, \u00e0 l\u2019\u00e9coute et toujours pr\u00eate \u00e0 ajuster les param\u00e8tres selon nos besoins.\u201d&lt;br&gt;<\/p>\t\t\t\t\t\t\r\n\t\t\t\t\t\t\r\n\t\t\t\t\t\t\t\r\n\t\t\t\t\t\t\t<i class=\"fa-solid fa-quote-right\"><\/i>\t\t\t\t\t\t\t\r\n\t\t\t\t\t\t\r\n\t\t\t\t\t<\/div>\r\n\t\t\t\t<\/div>\t\t\t\t\r\n\t\t    <\/div>\r\n\t\t    \n\n\n<p><\/p>\n","protected":false},"excerpt":{"rendered":"<p>\ud83c\udf0d Ils nous font confiance Chez JMDS TRACK, la satisfaction de nos clients est au c\u0153ur de notre mission. Nos solutions de g\u00e9olocalisation et de s\u00e9curit\u00e9 accompagnent chaque jour des institutions publiques et des entreprises priv\u00e9es dans le suivi de leurs v\u00e9hicules, la ma\u00eetrise de leurs op\u00e9rations et la r\u00e9duction des risques.D\u00e9couvrez ce qu\u2019ils disent [&hellip;]<\/p>\n","protected":false},"author":1,"featured_media":0,"parent":0,"menu_order":0,"comment_status":"closed","ping_status":"closed","template":"","meta":{"footnotes":""},"class_list":["post-125","page","type-page","status-publish","hentry"],"yoast_head":"<!-- This site is optimized with the Yoast SEO plugin v27.4 - https:\/\/yoast.com\/product\/yoast-seo-wordpress\/ -->\n<title>Retours d&#039;Exp\u00e9rience Clients - JMDS TRACK Sarl<\/title>\n<meta name=\"robots\" content=\"index, follow, max-snippet:-1, max-image-preview:large, max-video-preview:-1\" \/>\n<link rel=\"canonical\" href=\"https:\/\/jmdstracksarl.com\/index.php\/rex-clients\/\" \/>\n<meta property=\"og:locale\" content=\"en_US\" \/>\n<meta property=\"og:type\" content=\"article\" \/>\n<meta property=\"og:title\" content=\"Retours d&#039;Exp\u00e9rience Clients - JMDS TRACK Sarl\" \/>\n<meta property=\"og:description\" content=\"\ud83c\udf0d Ils nous font confiance Chez JMDS TRACK, la satisfaction de nos clients est au c\u0153ur de notre mission. Nos solutions de g\u00e9olocalisation et de s\u00e9curit\u00e9 accompagnent chaque jour des institutions publiques et des entreprises priv\u00e9es dans le suivi de leurs v\u00e9hicules, la ma\u00eetrise de leurs op\u00e9rations et la r\u00e9duction des risques.D\u00e9couvrez ce qu\u2019ils disent [&hellip;]\" \/>\n<meta property=\"og:url\" content=\"https:\/\/jmdstracksarl.com\/index.php\/rex-clients\/\" \/>\n<meta property=\"og:site_name\" content=\"JMDS TRACK Sarl\" \/>\n<meta property=\"article:modified_time\" content=\"2025-10-09T23:05:56+00:00\" \/>\n<meta name=\"twitter:card\" content=\"summary_large_image\" \/>\n<meta name=\"twitter:label1\" content=\"Est. reading time\" \/>\n\t<meta name=\"twitter:data1\" content=\"1 minute\" \/>\n<script type=\"application\/ld+json\" class=\"yoast-schema-graph\">{\"@context\":\"https:\\\/\\\/schema.org\",\"@graph\":[{\"@type\":\"WebPage\",\"@id\":\"https:\\\/\\\/jmdstracksarl.com\\\/index.php\\\/rex-clients\\\/\",\"url\":\"https:\\\/\\\/jmdstracksarl.com\\\/index.php\\\/rex-clients\\\/\",\"name\":\"Retours d'Exp\u00e9rience Clients - JMDS TRACK Sarl\",\"isPartOf\":{\"@id\":\"https:\\\/\\\/jmdstracksarl.com\\\/#website\"},\"datePublished\":\"2025-10-05T11:05:18+00:00\",\"dateModified\":\"2025-10-09T23:05:56+00:00\",\"breadcrumb\":{\"@id\":\"https:\\\/\\\/jmdstracksarl.com\\\/index.php\\\/rex-clients\\\/#breadcrumb\"},\"inLanguage\":\"en-US\",\"potentialAction\":[{\"@type\":\"ReadAction\",\"target\":[\"https:\\\/\\\/jmdstracksarl.com\\\/index.php\\\/rex-clients\\\/\"]}]},{\"@type\":\"BreadcrumbList\",\"@id\":\"https:\\\/\\\/jmdstracksarl.com\\\/index.php\\\/rex-clients\\\/#breadcrumb\",\"itemListElement\":[{\"@type\":\"ListItem\",\"position\":1,\"name\":\"Home\",\"item\":\"https:\\\/\\\/jmdstracksarl.com\\\/\"},{\"@type\":\"ListItem\",\"position\":2,\"name\":\"Retours d&#8217;Exp\u00e9rience Clients\"}]},{\"@type\":\"WebSite\",\"@id\":\"https:\\\/\\\/jmdstracksarl.com\\\/#website\",\"url\":\"https:\\\/\\\/jmdstracksarl.com\\\/\",\"name\":\"JMDS TRACK Sarl\",\"description\":\"\",\"publisher\":{\"@id\":\"https:\\\/\\\/jmdstracksarl.com\\\/#organization\"},\"potentialAction\":[{\"@type\":\"SearchAction\",\"target\":{\"@type\":\"EntryPoint\",\"urlTemplate\":\"https:\\\/\\\/jmdstracksarl.com\\\/?s={search_term_string}\"},\"query-input\":{\"@type\":\"PropertyValueSpecification\",\"valueRequired\":true,\"valueName\":\"search_term_string\"}}],\"inLanguage\":\"en-US\"},{\"@type\":\"Organization\",\"@id\":\"https:\\\/\\\/jmdstracksarl.com\\\/#organization\",\"name\":\"JMDS TRACK Sarl\",\"url\":\"https:\\\/\\\/jmdstracksarl.com\\\/\",\"logo\":{\"@type\":\"ImageObject\",\"inLanguage\":\"en-US\",\"@id\":\"https:\\\/\\\/jmdstracksarl.com\\\/#\\\/schema\\\/logo\\\/image\\\/\",\"url\":\"https:\\\/\\\/jmdstracksarl.com\\\/wp-content\\\/uploads\\\/2025\\\/09\\\/Logo.jpg\",\"contentUrl\":\"https:\\\/\\\/jmdstracksarl.com\\\/wp-content\\\/uploads\\\/2025\\\/09\\\/Logo.jpg\",\"width\":337,\"height\":200,\"caption\":\"JMDS TRACK Sarl\"},\"image\":{\"@id\":\"https:\\\/\\\/jmdstracksarl.com\\\/#\\\/schema\\\/logo\\\/image\\\/\"}}]}<\/script>\n<!-- \/ Yoast SEO plugin. -->","yoast_head_json":{"title":"Retours d'Exp\u00e9rience Clients - JMDS TRACK Sarl","robots":{"index":"index","follow":"follow","max-snippet":"max-snippet:-1","max-image-preview":"max-image-preview:large","max-video-preview":"max-video-preview:-1"},"canonical":"https:\/\/jmdstracksarl.com\/index.php\/rex-clients\/","og_locale":"en_US","og_type":"article","og_title":"Retours d'Exp\u00e9rience Clients - JMDS TRACK Sarl","og_description":"\ud83c\udf0d Ils nous font confiance Chez JMDS TRACK, la satisfaction de nos clients est au c\u0153ur de notre mission. Nos solutions de g\u00e9olocalisation et de s\u00e9curit\u00e9 accompagnent chaque jour des institutions publiques et des entreprises priv\u00e9es dans le suivi de leurs v\u00e9hicules, la ma\u00eetrise de leurs op\u00e9rations et la r\u00e9duction des risques.D\u00e9couvrez ce qu\u2019ils disent [&hellip;]","og_url":"https:\/\/jmdstracksarl.com\/index.php\/rex-clients\/","og_site_name":"JMDS TRACK Sarl","article_modified_time":"2025-10-09T23:05:56+00:00","twitter_card":"summary_large_image","twitter_misc":{"Est. reading time":"1 minute"},"schema":{"@context":"https:\/\/schema.org","@graph":[{"@type":"WebPage","@id":"https:\/\/jmdstracksarl.com\/index.php\/rex-clients\/","url":"https:\/\/jmdstracksarl.com\/index.php\/rex-clients\/","name":"Retours d'Exp\u00e9rience Clients - JMDS TRACK Sarl","isPartOf":{"@id":"https:\/\/jmdstracksarl.com\/#website"},"datePublished":"2025-10-05T11:05:18+00:00","dateModified":"2025-10-09T23:05:56+00:00","breadcrumb":{"@id":"https:\/\/jmdstracksarl.com\/index.php\/rex-clients\/#breadcrumb"},"inLanguage":"en-US","potentialAction":[{"@type":"ReadAction","target":["https:\/\/jmdstracksarl.com\/index.php\/rex-clients\/"]}]},{"@type":"BreadcrumbList","@id":"https:\/\/jmdstracksarl.com\/index.php\/rex-clients\/#breadcrumb","itemListElement":[{"@type":"ListItem","position":1,"name":"Home","item":"https:\/\/jmdstracksarl.com\/"},{"@type":"ListItem","position":2,"name":"Retours d&#8217;Exp\u00e9rience Clients"}]},{"@type":"WebSite","@id":"https:\/\/jmdstracksarl.com\/#website","url":"https:\/\/jmdstracksarl.com\/","name":"JMDS TRACK Sarl","description":"","publisher":{"@id":"https:\/\/jmdstracksarl.com\/#organization"},"potentialAction":[{"@type":"SearchAction","target":{"@type":"EntryPoint","urlTemplate":"https:\/\/jmdstracksarl.com\/?s={search_term_string}"},"query-input":{"@type":"PropertyValueSpecification","valueRequired":true,"valueName":"search_term_string"}}],"inLanguage":"en-US"},{"@type":"Organization","@id":"https:\/\/jmdstracksarl.com\/#organization","name":"JMDS TRACK Sarl","url":"https:\/\/jmdstracksarl.com\/","logo":{"@type":"ImageObject","inLanguage":"en-US","@id":"https:\/\/jmdstracksarl.com\/#\/schema\/logo\/image\/","url":"https:\/\/jmdstracksarl.com\/wp-content\/uploads\/2025\/09\/Logo.jpg","contentUrl":"https:\/\/jmdstracksarl.com\/wp-content\/uploads\/2025\/09\/Logo.jpg","width":337,"height":200,"caption":"JMDS TRACK Sarl"},"image":{"@id":"https:\/\/jmdstracksarl.com\/#\/schema\/logo\/image\/"}}]}},"_links":{"self":[{"href":"https:\/\/jmdstracksarl.com\/index.php\/wp-json\/wp\/v2\/pages\/125","targetHints":{"allow":["GET"]}}],"collection":[{"href":"https:\/\/jmdstracksarl.com\/index.php\/wp-json\/wp\/v2\/pages"}],"about":[{"href":"https:\/\/jmdstracksarl.com\/index.php\/wp-json\/wp\/v2\/types\/page"}],"author":[{"embeddable":true,"href":"https:\/\/jmdstracksarl.com\/index.php\/wp-json\/wp\/v2\/users\/1"}],"replies":[{"embeddable":true,"href":"https:\/\/jmdstracksarl.com\/index.php\/wp-json\/wp\/v2\/comments?post=125"}],"version-history":[{"count":11,"href":"https:\/\/jmdstracksarl.com\/index.php\/wp-json\/wp\/v2\/pages\/125\/revisions"}],"predecessor-version":[{"id":225,"href":"https:\/\/jmdstracksarl.com\/index.php\/wp-json\/wp\/v2\/pages\/125\/revisions\/225"}],"wp:attachment":[{"href":"https:\/\/jmdstracksarl.com\/index.php\/wp-json\/wp\/v2\/media?parent=125"}],"curies":[{"name":"wp","href":"https:\/\/api.w.org\/{rel}","templated":true}]}}