{"id":156,"date":"2025-10-05T11:34:26","date_gmt":"2025-10-05T11:34:26","guid":{"rendered":"https:\/\/jmdstracksarl.com\/?page_id=156"},"modified":"2025-11-20T16:46:34","modified_gmt":"2025-11-20T16:46:34","slug":"conception-de-tableaux-de-bord","status":"publish","type":"page","link":"https:\/\/jmdstracksarl.com\/index.php\/conception-de-tableaux-de-bord\/","title":{"rendered":"Business Intelligence"},"content":{"rendered":"\n<main class=\"wp-block-group is-layout-flow wp-block-group-is-layout-flow\" style=\"margin-top:0;margin-bottom:0;padding-top:0;padding-right:0;padding-bottom:0;padding-left:0\">\n<div class=\"wp-block-group has-base-2-color has-text-color has-link-color wp-elements-bb607a0c2727527bec7ce3c58bbf15f9 has-global-padding is-layout-constrained wp-container-core-group-is-layout-bca66a8f wp-block-group-is-layout-constrained\" style=\"margin-top:0;margin-bottom:0;padding-top:110px;padding-right:20px;padding-bottom:110px;padding-left:20px\">\n<div class=\"wp-block-group has-global-padding is-layout-constrained wp-block-group-is-layout-constrained\">\n<div class=\"wp-block-columns is-layout-flex wp-container-core-columns-is-layout-c4677a31 wp-block-columns-is-layout-flex\">\n<div class=\"wp-block-column is-layout-flow wp-block-column-is-layout-flow\">\n<div class=\"wp-block-cover is-light\" style=\"border-radius:10px;min-height:399px;aspect-ratio:unset;\"><img fetchpriority=\"high\" decoding=\"async\" width=\"1024\" height=\"308\" class=\"wp-block-cover__image-background wp-image-380 size-large\" alt=\"\" src=\"https:\/\/jmdstracksarl.com\/wp-content\/uploads\/2025\/11\/ff-1024x308.jpg\" data-object-fit=\"cover\" srcset=\"https:\/\/jmdstracksarl.com\/wp-content\/uploads\/2025\/11\/ff-1024x308.jpg 1024w, https:\/\/jmdstracksarl.com\/wp-content\/uploads\/2025\/11\/ff-300x90.jpg 300w, https:\/\/jmdstracksarl.com\/wp-content\/uploads\/2025\/11\/ff-768x231.jpg 768w, https:\/\/jmdstracksarl.com\/wp-content\/uploads\/2025\/11\/ff.jpg 1130w\" sizes=\"(max-width: 1024px) 100vw, 1024px\" \/><span aria-hidden=\"true\" class=\"wp-block-cover__background has-background-dim-0 has-background-dim\" style=\"background-color:#564e4f\"><\/span><div class=\"wp-block-cover__inner-container has-global-padding is-layout-constrained wp-block-cover-is-layout-constrained\">\n<p class=\"has-text-align-center has-large-font-size\"><\/p>\n<\/div><\/div>\n<\/div>\n\n\n\n<div class=\"wp-block-column is-vertically-aligned-center is-layout-flow wp-container-core-column-is-layout-22223934 wp-block-column-is-layout-flow\">\n<h2 class=\"wp-block-heading has-secondary-color has-text-color has-link-color wp-elements-d212ef03a7a2fd5a79f685eb1ad0b2bf\" style=\"margin-top:0;margin-bottom:0;font-style:normal;font-weight:700\">Formation Personnalis\u00e9e<\/h2>\n\n\n\n<div class=\"wp-block-group is-nowrap is-layout-flex wp-container-core-group-is-layout-0844f5dc wp-block-group-is-layout-flex\">\n<p class=\"has-medium-font-size\" style=\"font-style:normal;font-weight:700\">Nous proposons des sessions de formation personnalis\u00e9es pour aider les employ\u00e9s \u00e0 ma\u00eetriser les outils de Business Intelligence, tels que Power BI et Tableau. Ces formations sont con\u00e7ues pour r\u00e9pondre aux besoins sp\u00e9cifiques des entreprises et des particuliers, en commen\u00e7ant par une \u00e9valuation des comp\u00e9tences actuelles et des objectifs souhait\u00e9s. Les participants apprennent \u00e0 cr\u00e9er des tableaux de bord interactifs, \u00e0 analyser des donn\u00e9es complexes et \u00e0 visualiser les r\u00e9sultats de mani\u00e8re efficace. Gr\u00e2ce \u00e0 des ateliers pratiques et des \u00e9tudes de cas r\u00e9els, ils acqui\u00e8rent des comp\u00e9tences pratiques qu&#8217;ils peuvent appliquer imm\u00e9diatement dans leur travail quotidien. Un suivi post-formation est \u00e9galement propos\u00e9 pour garantir une int\u00e9gration r\u00e9ussie des nouveaux outils et techniques.<\/p>\n<\/div>\n<\/div>\n<\/div>\n<\/div>\n<\/div>\n\n\n\n<p><\/p>\n<\/main>\n\n\n\n<main class=\"wp-block-group is-layout-flow wp-block-group-is-layout-flow\" style=\"margin-top:0;margin-bottom:0;padding-top:0;padding-right:0;padding-bottom:0;padding-left:0\">\n<div class=\"wp-block-group responsive-spacing has-global-padding is-layout-constrained wp-container-core-group-is-layout-d4a3ff7d wp-block-group-is-layout-constrained\" style=\"margin-top:0;margin-bottom:0;padding-top:80px;padding-right:20px;padding-bottom:80px;padding-left:20px\">\n<div class=\"wp-block-group has-global-padding is-layout-constrained wp-container-core-group-is-layout-9164d2cc wp-block-group-is-layout-constrained\" style=\"margin-top:0;margin-bottom:0;padding-top:0px;padding-right:0px;padding-bottom:0px;padding-left:0px\">\n<div class=\"wp-block-columns are-vertically-aligned-center is-layout-flex wp-container-core-columns-is-layout-9cad5244 wp-block-columns-is-layout-flex\" style=\"margin-top:0;margin-bottom:0\">\n<div class=\"wp-block-column is-vertically-aligned-center is-layout-flow wp-block-column-is-layout-flow\">\n<div class=\"wp-block-cover responsive-cover\" style=\"border-radius:10px;min-height:550px;aspect-ratio:unset;\"><img decoding=\"async\" width=\"1920\" height=\"960\" class=\"wp-block-cover__image-background wp-image-383 size-full\" alt=\"\" src=\"https:\/\/jmdstracksarl.com\/wp-content\/uploads\/2025\/11\/aaa.webp\" data-object-fit=\"cover\" srcset=\"https:\/\/jmdstracksarl.com\/wp-content\/uploads\/2025\/11\/aaa.webp 1920w, https:\/\/jmdstracksarl.com\/wp-content\/uploads\/2025\/11\/aaa-300x150.webp 300w, https:\/\/jmdstracksarl.com\/wp-content\/uploads\/2025\/11\/aaa-1024x512.webp 1024w, https:\/\/jmdstracksarl.com\/wp-content\/uploads\/2025\/11\/aaa-768x384.webp 768w, https:\/\/jmdstracksarl.com\/wp-content\/uploads\/2025\/11\/aaa-1536x768.webp 1536w\" sizes=\"(max-width: 1920px) 100vw, 1920px\" \/><span aria-hidden=\"true\" class=\"wp-block-cover__background has-background-dim-0 has-background-dim\" style=\"background-color:#676a76\"><\/span><div class=\"wp-block-cover__inner-container has-global-padding is-layout-constrained wp-block-cover-is-layout-constrained\">\n<p class=\"has-text-align-center has-large-font-size\"><\/p>\n<\/div><\/div>\n<\/div>\n\n\n\n<div class=\"wp-block-column is-vertically-aligned-center is-layout-flow wp-block-column-is-layout-flow\">\n<div class=\"wp-block-group title-spacing has-global-padding is-layout-constrained wp-block-group-is-layout-constrained\" style=\"margin-top:0;margin-bottom:40px\">\n<h2 class=\"wp-block-heading has-text-align-left\" style=\"margin-top:0;margin-bottom:0;font-size:clamp(27.894px, 1.743rem + ((1vw - 3.2px) * 2.452), 48px);line-height:1\">Analyses des donn\u00e9es<\/h2>\n<\/div>\n\n\n\n<p style=\"margin-top:20px;margin-bottom:20px;font-size:clamp(14px, 0.875rem + ((1vw - 3.2px) * 0.244), 16px);font-style:normal;font-weight:400\">Nous vous accompagnons dans tous vos besoins d&#8217;analyse des donn\u00e9es. Que ce soit pour la collecte, le traitement ou l&#8217;interpr\u00e9tation des donn\u00e9es, notre \u00e9quipe est l\u00e0 pour vous guider \u00e0 chaque \u00e9tape. Nous offrons des solutions sur mesure qui r\u00e9pondent aux exigences sp\u00e9cifiques de votre entreprise, en utilisant des outils avanc\u00e9s pour garantir des r\u00e9sultats pr\u00e9cis et pertinents. Notre objectif est de transformer vos donn\u00e9es en informations exploitables, vous permettant ainsi de prendre des d\u00e9cisions \u00e9clair\u00e9es et strat\u00e9giques<\/p>\n<\/div>\n<\/div>\n\n\n\n<div class=\"wp-block-columns are-vertically-aligned-center is-layout-flex wp-container-core-columns-is-layout-9cad5244 wp-block-columns-is-layout-flex\" style=\"margin-top:0;margin-bottom:0\">\n<div class=\"wp-block-column is-vertically-aligned-center is-layout-flow wp-block-column-is-layout-flow\">\n<div class=\"wp-block-cover is-light responsive-cover\" style=\"border-radius:10px;min-height:550px;aspect-ratio:unset;\"><img decoding=\"async\" width=\"654\" height=\"690\" class=\"wp-block-cover__image-background wp-image-385 size-full\" alt=\"\" src=\"https:\/\/jmdstracksarl.com\/wp-content\/uploads\/2025\/11\/aaaaaazz.jpg\" data-object-fit=\"cover\" srcset=\"https:\/\/jmdstracksarl.com\/wp-content\/uploads\/2025\/11\/aaaaaazz.jpg 654w, https:\/\/jmdstracksarl.com\/wp-content\/uploads\/2025\/11\/aaaaaazz-284x300.jpg 284w\" sizes=\"(max-width: 654px) 100vw, 654px\" \/><span aria-hidden=\"true\" class=\"wp-block-cover__background has-background-dim-0 has-background-dim\" style=\"background-color:#eaebef\"><\/span><div class=\"wp-block-cover__inner-container has-global-padding is-layout-constrained wp-block-cover-is-layout-constrained\">\n<p class=\"has-text-align-center has-large-font-size\"><\/p>\n<\/div><\/div>\n<\/div>\n\n\n\n<div class=\"wp-block-column is-vertically-aligned-center is-layout-flow wp-block-column-is-layout-flow\">\n<div class=\"wp-block-group title-spacing has-global-padding is-layout-constrained wp-block-group-is-layout-constrained\" style=\"margin-top:0;margin-bottom:40px\">\n<h2 class=\"wp-block-heading has-text-align-left\" style=\"margin-top:0;margin-bottom:0;font-size:clamp(27.894px, 1.743rem + ((1vw - 3.2px) * 2.452), 48px);line-height:1\">Int\u00e9gration de donn\u00e9es<\/h2>\n<\/div>\n\n\n\n<p style=\"margin-top:20px;margin-bottom:20px;font-size:clamp(14px, 0.875rem + ((1vw - 3.2px) * 0.244), 16px);font-style:normal;font-weight:400\">Notre service d&#8217;int\u00e9gration de donn\u00e9es vous permet de transformer vos d\u00e9fis en opportunit\u00e9s gr\u00e2ce \u00e0 une approche personnalis\u00e9e et efficace. Nous collectons, transformons et chargeons vos donn\u00e9es provenant de diverses sources, garantissant ainsi leur qualit\u00e9 et leur coh\u00e9rence. Notre \u00e9quipe d&#8217;experts utilise des techniques avanc\u00e9es pour s&#8217;assurer que vos donn\u00e9es sont pr\u00eates \u00e0 \u00eatre exploit\u00e9es, facilitant ainsi une prise de d\u00e9cision \u00e9clair\u00e9e. Avec un support continu et une adaptation \u00e0 vos besoins sp\u00e9cifiques, nous vous aidons \u00e0 tirer le meilleur parti de vos informations, renfor\u00e7ant ainsi votre position sur le march\u00e9<\/p>\n<\/div>\n<\/div>\n<\/div>\n<\/div>\n<\/main>\n\n\n\n<p><\/p>\n","protected":false},"excerpt":{"rendered":"<p>Formation Personnalis\u00e9e Nous proposons des sessions de formation personnalis\u00e9es pour aider les employ\u00e9s \u00e0 ma\u00eetriser les outils de Business Intelligence, tels que Power BI et Tableau. Ces formations sont con\u00e7ues pour r\u00e9pondre aux besoins sp\u00e9cifiques des entreprises et des particuliers, en commen\u00e7ant par une \u00e9valuation des comp\u00e9tences actuelles et des objectifs souhait\u00e9s. Les participants apprennent [&hellip;]<\/p>\n","protected":false},"author":1,"featured_media":0,"parent":0,"menu_order":0,"comment_status":"closed","ping_status":"closed","template":"","meta":{"footnotes":""},"class_list":["post-156","page","type-page","status-publish","hentry"],"yoast_head":"<!-- This site is optimized with the Yoast SEO plugin v27.4 - https:\/\/yoast.com\/product\/yoast-seo-wordpress\/ -->\n<title>Business Intelligence - JMDS TRACK Sarl<\/title>\n<meta name=\"robots\" content=\"index, follow, max-snippet:-1, max-image-preview:large, max-video-preview:-1\" \/>\n<link rel=\"canonical\" href=\"https:\/\/jmdstracksarl.com\/index.php\/conception-de-tableaux-de-bord\/\" \/>\n<meta property=\"og:locale\" content=\"en_US\" \/>\n<meta property=\"og:type\" content=\"article\" \/>\n<meta property=\"og:title\" content=\"Business Intelligence - JMDS TRACK Sarl\" \/>\n<meta property=\"og:description\" content=\"Formation Personnalis\u00e9e Nous proposons des sessions de formation personnalis\u00e9es pour aider les employ\u00e9s \u00e0 ma\u00eetriser les outils de Business Intelligence, tels que Power BI et Tableau. Ces formations sont con\u00e7ues pour r\u00e9pondre aux besoins sp\u00e9cifiques des entreprises et des particuliers, en commen\u00e7ant par une \u00e9valuation des comp\u00e9tences actuelles et des objectifs souhait\u00e9s. Les participants apprennent [&hellip;]\" \/>\n<meta property=\"og:url\" content=\"https:\/\/jmdstracksarl.com\/index.php\/conception-de-tableaux-de-bord\/\" \/>\n<meta property=\"og:site_name\" content=\"JMDS TRACK Sarl\" \/>\n<meta property=\"article:modified_time\" content=\"2025-11-20T16:46:34+00:00\" \/>\n<meta property=\"og:image\" content=\"https:\/\/jmdstracksarl.com\/wp-content\/uploads\/2025\/11\/ff.jpg\" \/>\n\t<meta property=\"og:image:width\" content=\"1130\" \/>\n\t<meta property=\"og:image:height\" content=\"340\" \/>\n\t<meta property=\"og:image:type\" content=\"image\/jpeg\" \/>\n<meta name=\"twitter:card\" content=\"summary_large_image\" \/>\n<meta name=\"twitter:label1\" content=\"Est. reading time\" \/>\n\t<meta name=\"twitter:data1\" content=\"2 minutes\" \/>\n<script type=\"application\/ld+json\" class=\"yoast-schema-graph\">{\"@context\":\"https:\\\/\\\/schema.org\",\"@graph\":[{\"@type\":\"WebPage\",\"@id\":\"https:\\\/\\\/jmdstracksarl.com\\\/index.php\\\/conception-de-tableaux-de-bord\\\/\",\"url\":\"https:\\\/\\\/jmdstracksarl.com\\\/index.php\\\/conception-de-tableaux-de-bord\\\/\",\"name\":\"Business Intelligence - JMDS TRACK Sarl\",\"isPartOf\":{\"@id\":\"https:\\\/\\\/jmdstracksarl.com\\\/#website\"},\"primaryImageOfPage\":{\"@id\":\"https:\\\/\\\/jmdstracksarl.com\\\/index.php\\\/conception-de-tableaux-de-bord\\\/#primaryimage\"},\"image\":{\"@id\":\"https:\\\/\\\/jmdstracksarl.com\\\/index.php\\\/conception-de-tableaux-de-bord\\\/#primaryimage\"},\"thumbnailUrl\":\"https:\\\/\\\/jmdstracksarl.com\\\/wp-content\\\/uploads\\\/2025\\\/11\\\/ff-1024x308.jpg\",\"datePublished\":\"2025-10-05T11:34:26+00:00\",\"dateModified\":\"2025-11-20T16:46:34+00:00\",\"breadcrumb\":{\"@id\":\"https:\\\/\\\/jmdstracksarl.com\\\/index.php\\\/conception-de-tableaux-de-bord\\\/#breadcrumb\"},\"inLanguage\":\"en-US\",\"potentialAction\":[{\"@type\":\"ReadAction\",\"target\":[\"https:\\\/\\\/jmdstracksarl.com\\\/index.php\\\/conception-de-tableaux-de-bord\\\/\"]}]},{\"@type\":\"ImageObject\",\"inLanguage\":\"en-US\",\"@id\":\"https:\\\/\\\/jmdstracksarl.com\\\/index.php\\\/conception-de-tableaux-de-bord\\\/#primaryimage\",\"url\":\"https:\\\/\\\/jmdstracksarl.com\\\/wp-content\\\/uploads\\\/2025\\\/11\\\/ff.jpg\",\"contentUrl\":\"https:\\\/\\\/jmdstracksarl.com\\\/wp-content\\\/uploads\\\/2025\\\/11\\\/ff.jpg\",\"width\":1130,\"height\":340},{\"@type\":\"BreadcrumbList\",\"@id\":\"https:\\\/\\\/jmdstracksarl.com\\\/index.php\\\/conception-de-tableaux-de-bord\\\/#breadcrumb\",\"itemListElement\":[{\"@type\":\"ListItem\",\"position\":1,\"name\":\"Home\",\"item\":\"https:\\\/\\\/jmdstracksarl.com\\\/\"},{\"@type\":\"ListItem\",\"position\":2,\"name\":\"Business Intelligence\"}]},{\"@type\":\"WebSite\",\"@id\":\"https:\\\/\\\/jmdstracksarl.com\\\/#website\",\"url\":\"https:\\\/\\\/jmdstracksarl.com\\\/\",\"name\":\"JMDS TRACK Sarl\",\"description\":\"\",\"publisher\":{\"@id\":\"https:\\\/\\\/jmdstracksarl.com\\\/#organization\"},\"potentialAction\":[{\"@type\":\"SearchAction\",\"target\":{\"@type\":\"EntryPoint\",\"urlTemplate\":\"https:\\\/\\\/jmdstracksarl.com\\\/?s={search_term_string}\"},\"query-input\":{\"@type\":\"PropertyValueSpecification\",\"valueRequired\":true,\"valueName\":\"search_term_string\"}}],\"inLanguage\":\"en-US\"},{\"@type\":\"Organization\",\"@id\":\"https:\\\/\\\/jmdstracksarl.com\\\/#organization\",\"name\":\"JMDS TRACK Sarl\",\"url\":\"https:\\\/\\\/jmdstracksarl.com\\\/\",\"logo\":{\"@type\":\"ImageObject\",\"inLanguage\":\"en-US\",\"@id\":\"https:\\\/\\\/jmdstracksarl.com\\\/#\\\/schema\\\/logo\\\/image\\\/\",\"url\":\"https:\\\/\\\/jmdstracksarl.com\\\/wp-content\\\/uploads\\\/2025\\\/09\\\/Logo.jpg\",\"contentUrl\":\"https:\\\/\\\/jmdstracksarl.com\\\/wp-content\\\/uploads\\\/2025\\\/09\\\/Logo.jpg\",\"width\":337,\"height\":200,\"caption\":\"JMDS TRACK Sarl\"},\"image\":{\"@id\":\"https:\\\/\\\/jmdstracksarl.com\\\/#\\\/schema\\\/logo\\\/image\\\/\"}}]}<\/script>\n<!-- \/ Yoast SEO plugin. -->","yoast_head_json":{"title":"Business Intelligence - JMDS TRACK Sarl","robots":{"index":"index","follow":"follow","max-snippet":"max-snippet:-1","max-image-preview":"max-image-preview:large","max-video-preview":"max-video-preview:-1"},"canonical":"https:\/\/jmdstracksarl.com\/index.php\/conception-de-tableaux-de-bord\/","og_locale":"en_US","og_type":"article","og_title":"Business Intelligence - JMDS TRACK Sarl","og_description":"Formation Personnalis\u00e9e Nous proposons des sessions de formation personnalis\u00e9es pour aider les employ\u00e9s \u00e0 ma\u00eetriser les outils de Business Intelligence, tels que Power BI et Tableau. Ces formations sont con\u00e7ues pour r\u00e9pondre aux besoins sp\u00e9cifiques des entreprises et des particuliers, en commen\u00e7ant par une \u00e9valuation des comp\u00e9tences actuelles et des objectifs souhait\u00e9s. Les participants apprennent [&hellip;]","og_url":"https:\/\/jmdstracksarl.com\/index.php\/conception-de-tableaux-de-bord\/","og_site_name":"JMDS TRACK Sarl","article_modified_time":"2025-11-20T16:46:34+00:00","og_image":[{"width":1130,"height":340,"url":"https:\/\/jmdstracksarl.com\/wp-content\/uploads\/2025\/11\/ff.jpg","type":"image\/jpeg"}],"twitter_card":"summary_large_image","twitter_misc":{"Est. reading time":"2 minutes"},"schema":{"@context":"https:\/\/schema.org","@graph":[{"@type":"WebPage","@id":"https:\/\/jmdstracksarl.com\/index.php\/conception-de-tableaux-de-bord\/","url":"https:\/\/jmdstracksarl.com\/index.php\/conception-de-tableaux-de-bord\/","name":"Business Intelligence - JMDS TRACK Sarl","isPartOf":{"@id":"https:\/\/jmdstracksarl.com\/#website"},"primaryImageOfPage":{"@id":"https:\/\/jmdstracksarl.com\/index.php\/conception-de-tableaux-de-bord\/#primaryimage"},"image":{"@id":"https:\/\/jmdstracksarl.com\/index.php\/conception-de-tableaux-de-bord\/#primaryimage"},"thumbnailUrl":"https:\/\/jmdstracksarl.com\/wp-content\/uploads\/2025\/11\/ff-1024x308.jpg","datePublished":"2025-10-05T11:34:26+00:00","dateModified":"2025-11-20T16:46:34+00:00","breadcrumb":{"@id":"https:\/\/jmdstracksarl.com\/index.php\/conception-de-tableaux-de-bord\/#breadcrumb"},"inLanguage":"en-US","potentialAction":[{"@type":"ReadAction","target":["https:\/\/jmdstracksarl.com\/index.php\/conception-de-tableaux-de-bord\/"]}]},{"@type":"ImageObject","inLanguage":"en-US","@id":"https:\/\/jmdstracksarl.com\/index.php\/conception-de-tableaux-de-bord\/#primaryimage","url":"https:\/\/jmdstracksarl.com\/wp-content\/uploads\/2025\/11\/ff.jpg","contentUrl":"https:\/\/jmdstracksarl.com\/wp-content\/uploads\/2025\/11\/ff.jpg","width":1130,"height":340},{"@type":"BreadcrumbList","@id":"https:\/\/jmdstracksarl.com\/index.php\/conception-de-tableaux-de-bord\/#breadcrumb","itemListElement":[{"@type":"ListItem","position":1,"name":"Home","item":"https:\/\/jmdstracksarl.com\/"},{"@type":"ListItem","position":2,"name":"Business Intelligence"}]},{"@type":"WebSite","@id":"https:\/\/jmdstracksarl.com\/#website","url":"https:\/\/jmdstracksarl.com\/","name":"JMDS TRACK Sarl","description":"","publisher":{"@id":"https:\/\/jmdstracksarl.com\/#organization"},"potentialAction":[{"@type":"SearchAction","target":{"@type":"EntryPoint","urlTemplate":"https:\/\/jmdstracksarl.com\/?s={search_term_string}"},"query-input":{"@type":"PropertyValueSpecification","valueRequired":true,"valueName":"search_term_string"}}],"inLanguage":"en-US"},{"@type":"Organization","@id":"https:\/\/jmdstracksarl.com\/#organization","name":"JMDS TRACK Sarl","url":"https:\/\/jmdstracksarl.com\/","logo":{"@type":"ImageObject","inLanguage":"en-US","@id":"https:\/\/jmdstracksarl.com\/#\/schema\/logo\/image\/","url":"https:\/\/jmdstracksarl.com\/wp-content\/uploads\/2025\/09\/Logo.jpg","contentUrl":"https:\/\/jmdstracksarl.com\/wp-content\/uploads\/2025\/09\/Logo.jpg","width":337,"height":200,"caption":"JMDS TRACK Sarl"},"image":{"@id":"https:\/\/jmdstracksarl.com\/#\/schema\/logo\/image\/"}}]}},"_links":{"self":[{"href":"https:\/\/jmdstracksarl.com\/index.php\/wp-json\/wp\/v2\/pages\/156","targetHints":{"allow":["GET"]}}],"collection":[{"href":"https:\/\/jmdstracksarl.com\/index.php\/wp-json\/wp\/v2\/pages"}],"about":[{"href":"https:\/\/jmdstracksarl.com\/index.php\/wp-json\/wp\/v2\/types\/page"}],"author":[{"embeddable":true,"href":"https:\/\/jmdstracksarl.com\/index.php\/wp-json\/wp\/v2\/users\/1"}],"replies":[{"embeddable":true,"href":"https:\/\/jmdstracksarl.com\/index.php\/wp-json\/wp\/v2\/comments?post=156"}],"version-history":[{"count":4,"href":"https:\/\/jmdstracksarl.com\/index.php\/wp-json\/wp\/v2\/pages\/156\/revisions"}],"predecessor-version":[{"id":386,"href":"https:\/\/jmdstracksarl.com\/index.php\/wp-json\/wp\/v2\/pages\/156\/revisions\/386"}],"wp:attachment":[{"href":"https:\/\/jmdstracksarl.com\/index.php\/wp-json\/wp\/v2\/media?parent=156"}],"curies":[{"name":"wp","href":"https:\/\/api.w.org\/{rel}","templated":true}]}}